{"id":1260,"date":"2018-04-06T10:17:02","date_gmt":"2018-04-06T08:17:02","guid":{"rendered":"https:\/\/sia.regione.liguria.it\/?page_id=1260"},"modified":"2023-07-31T11:18:59","modified_gmt":"2023-07-31T09:18:59","slug":"spirl","status":"publish","type":"page","link":"https:\/\/sia.regione.liguria.it\/index.php\/spirl\/","title":{"rendered":"SPIRLWEB"},"content":{"rendered":"<p><b><img loading=\"lazy\" decoding=\"async\" class=\"alignleft wp-image-1279\" src=\"https:\/\/sia.regione.liguria.it\/wp-content\/uploads\/2018\/04\/incendio.jpg\" alt=\"\" width=\"480\" height=\"320\" \/> Spirlweb <\/b>\u00e8 la pagina web del servizio di previsione del pericolo d\u2019incendio in Regione Liguria.<\/p>\n<p>Essa \u00e8 stato creata per fornire, all\u2019utenza autorizzata, informazioni in tempo reale riguardanti la probabilit\u00e0 di propagazione degli incendi nel breve-medio termine.<\/p>\n<p>Spirlweb consente:<\/p>\n<ul>\n<li>la consultazione del Bollettino quotidiano di previsione del pericolo.<\/li>\n<li>la consultazione e l\u2019analisi delle mappe triorarie relative a indice di pericolo, intensit\u00e0 lineare, velocit\u00e0 di propagazione tramite il portale DEWETRA.<\/li>\n<\/ul>\n<p>Sulla base di tali informazioni viene organizzato ed attivato il monitoraggio del territorio nelle aree a rischio, al fine di contribuire alla prevenzione dei fenomeni degli incendi.<\/p>\n<p>Il <b>bollettino <\/b>quotidiano di previsione del pericolo d\u2019incendio viene realizzato sulla base delle uscite del modello <b>RISICO-Liguria.<\/b><\/p>\n<p>Il modello suddetto \u00e8 alimentato da un flusso di dati continuo costituito dai dati meteorologici in tempo reale, dalle previsioni meteorologiche fornite dai modelli disponibili e da informazioni orografico-vegetazionali. Il sistema restituisce una valutazione quantitativa del pericolo conseguente all\u2019eventuale innesco di un incendio boschivo in termini di velocit\u00e0 di propagazione ed intensit\u00e0 lineare del fronte di fiamma. Fornisce inoltre indici di pericolo sintetici sulla base dei quali \u00e8 possibile definire protocolli di attivit\u00e0 di prevenzione incendi boschivi.<\/p>\n<p>Il documento \u00e8 realizzato dal Centro di Agromeoteorologia Applicata Regionale (CAAR).<\/p>\n<h4 style=\"text-align: center;\"><strong><span style=\"color: #008000;\"><a style=\"color: #008000;\" href=\"https:\/\/sia.regione.liguria.it\/apps\/sia\/RISICO2\" target=\"_blank\" rel=\"noopener\">\u21d2CLICCA QUI PER\u00a0 ACCEDERE ALL&#8217; AREA RISERVATA DI CONSULTAZIONE DEI BOLLETTINI SPIRL<\/a><\/span><\/strong><\/h4>\n<p>Per il portale Dewetra, invece, \u00e8 possibile accedere (tramite account di autenticazione)\u00a0 cliccando sul seguente link <a href=\"http:\/\/dewetrabk.cimafoundation.org\/dewetraTEST\/\" target=\"_blank\" rel=\"noopener\">http:\/\/dewetrabk.cimafoundation.org\/dewetraTEST\/<\/a><\/p>\n<p><img loading=\"lazy\" decoding=\"async\" class=\"wp-image-1296 alignright\" src=\"https:\/\/sia.regione.liguria.it\/wp-content\/uploads\/2018\/04\/screenhunter.jpg\" alt=\"\" width=\"666\" height=\"320\" \/><\/p>\n<p>DEWETRA \u00e8 un sistema integrato per il monitoraggio in tempo reale, la previsione e la prevenzione dei\u00a0rischi naturali. Il progetto \u00e8 stato sviluppato nell\u2019ambito della convenzione tra il Dipartimento della Protezione civile e la Fondazione CIMA (Centro Internazionale in Monitoraggio Ambientale) ed \u00e8 operativo presso il Dipartimento della Protezione Civile.<\/p>\n<p>L\u2019applicativo \u00e8 in grado di caricare e visualizzare layer geo-riferiti statici e dinamici (es: mappe del pericolo d\u2019incendio aggiornate ogni tre ore), permette di consultare i valori di ogni stazione di misura e degli altri strumenti di osservazione pi\u00f9 avanzati e offre all\u2019utente strumenti interattivi e funzionalit\u00e0 per l\u2019analisi degli eventi in corso o passati.<\/p>\n<ol>\n<li><a href=\"https:\/\/sia.regione.liguria.it\/index.php\/spirl-1-2\/\" target=\"_blank\" rel=\"noopener\"><span style=\"color: #000000;\"><strong>Stato di grave pericolosit\u00e0<\/strong><\/span><\/a><\/li>\n<li><a href=\"https:\/\/sia.regione.liguria.it\/index.php\/spirl-2-2\/\" target=\"_blank\" rel=\"noopener\"><span style=\"color: #000000;\"><strong>Bollettino SPIRL alla popolazione<\/strong><\/span><\/a><\/li>\n<li><a href=\"https:\/\/sia.regione.liguria.it\/index.php\/spirl-3-2\/\" target=\"_blank\" rel=\"noopener\"><span style=\"color: #000000;\"><strong>Feedback pannello MED-PSS<\/strong><\/span><\/a><\/li>\n<\/ol>\n<p><span style=\"color: #ff0000;\"><strong>CONTATTI<\/strong><\/span><\/p>\n<p><b>Regione Liguria &#8211; <\/b><b>Settore Servizi alle Imprese Agricole e florovivaismo \u2014 CAAR (Centro di Agrometeorologia Applicata Regionale) <\/b>per informazioni riguardanti lo SPIRL, il sito web ed il Bollettino quotidiano di previsione (<i><a href=\"mailto:caarservizi@regione.liguria.it\">caarservizi@regione.liguria.it<\/a>\u2014 0187 278773)<\/i><br \/>\n<b>Regione Liguria &#8211; <\/b><b><\/b> <b>Servizio Politiche della Montagna e della Fauna Selvatica <\/b>per informazioni riguardanti il servizio AIB regionale (<i><a href=\"mailto:servizio.aib@regione.liguria.it\">servizio.aib@regione.liguria.it<\/a>)<\/i><\/p>\n<p><a href=\"https:\/\/www.arpal.gov.it\/\" target=\"_blank\" rel=\"noopener\"><b>Centro Funzionale Meteo-Idrologico di Protezione Civile della Regione Liguria (CFMI &#8211; ARPAL<\/b><\/a><b>) <\/b>per informazioni riguardanti i modelli meteorologici previsionali (<i><a href=\"mailto:info@arpal.gov.it\">info@arpal.gov.it<\/a>)<\/i><\/p>\n<p><a href=\"http:\/\/www.cimafoundation.org\/\" target=\"_blank\" rel=\"noopener\"><b>\u00a0CIMA Research Foundation<\/b><\/a> per informazioni riguardanti DEWETRA ed il modello RISICO (<a href=\"mailto:info@cimafoundation.org\"><i>info@cimafoundation.org<\/i><\/a>)<\/p>\n<p><img loading=\"lazy\" decoding=\"async\" class=\"alignnone size-full wp-image-1298\" src=\"https:\/\/sia.regione.liguria.it\/wp-content\/uploads\/2018\/04\/Risico_liguria.png\" alt=\"\" width=\"1199\" height=\"100\" \/><\/p>\n","protected":false},"excerpt":{"rendered":"<p>Spirlweb \u00e8 la pagina web del servizio di previsione del pericolo d\u2019incendio in Regione Liguria. Essa \u00e8 stato creata per fornire, all\u2019utenza autorizzata, informazioni in tempo reale riguardanti la probabilit\u00e0 di propagazione degli incendi nel ...<\/p>\n","protected":false},"author":1,"featured_media":0,"parent":0,"menu_order":0,"comment_status":"closed","ping_status":"closed","template":"","meta":{"footnotes":""},"class_list":["post-1260","page","type-page","status-publish","hentry"],"yoast_head":"<!-- This site is optimized with the Yoast SEO plugin v24.0 - https:\/\/yoast.com\/wordpress\/plugins\/seo\/ -->\n<title>SPIRLWEB -<\/title>\n<meta name=\"robots\" content=\"index, follow, max-snippet:-1, max-image-preview:large, max-video-preview:-1\" \/>\n<link rel=\"canonical\" href=\"https:\/\/sia.regione.liguria.it\/index.php\/spirl\/\" \/>\n<meta property=\"og:locale\" content=\"it_IT\" \/>\n<meta property=\"og:type\" content=\"article\" \/>\n<meta property=\"og:title\" content=\"SPIRLWEB -\" \/>\n<meta property=\"og:description\" content=\"Spirlweb \u00e8 la pagina web del servizio di previsione del pericolo d\u2019incendio in Regione Liguria. Essa \u00e8 stato creata per fornire, all\u2019utenza autorizzata, informazioni in tempo reale riguardanti la probabilit\u00e0 di propagazione degli incendi nel [&hellip;]\" \/>\n<meta property=\"og:url\" content=\"https:\/\/sia.regione.liguria.it\/index.php\/spirl\/\" \/>\n<meta property=\"article:publisher\" content=\"https:\/\/facebook.com\/agriligurianet\/\" \/>\n<meta property=\"article:modified_time\" content=\"2023-07-31T09:18:59+00:00\" \/>\n<meta property=\"og:image\" content=\"https:\/\/sia.regione.liguria.it\/wp-content\/uploads\/2018\/04\/incendio.jpg\" \/>\n<meta name=\"twitter:card\" content=\"summary_large_image\" \/>\n<meta name=\"twitter:site\" content=\"@caarservizi\" \/>\n<meta name=\"twitter:label1\" content=\"Tempo di lettura stimato\" \/>\n\t<meta name=\"twitter:data1\" content=\"3 minuti\" \/>\n<script type=\"application\/ld+json\" class=\"yoast-schema-graph\">{\"@context\":\"https:\/\/schema.org\",\"@graph\":[{\"@type\":\"WebPage\",\"@id\":\"https:\/\/sia.regione.liguria.it\/index.php\/spirl\/\",\"url\":\"https:\/\/sia.regione.liguria.it\/index.php\/spirl\/\",\"name\":\"SPIRLWEB -\",\"isPartOf\":{\"@id\":\"https:\/\/sia.regione.liguria.it\/#website\"},\"primaryImageOfPage\":{\"@id\":\"https:\/\/sia.regione.liguria.it\/index.php\/spirl\/#primaryimage\"},\"image\":{\"@id\":\"https:\/\/sia.regione.liguria.it\/index.php\/spirl\/#primaryimage\"},\"thumbnailUrl\":\"https:\/\/sia.regione.liguria.it\/wp-content\/uploads\/2018\/04\/incendio.jpg\",\"datePublished\":\"2018-04-06T08:17:02+00:00\",\"dateModified\":\"2023-07-31T09:18:59+00:00\",\"breadcrumb\":{\"@id\":\"https:\/\/sia.regione.liguria.it\/index.php\/spirl\/#breadcrumb\"},\"inLanguage\":\"it-IT\",\"potentialAction\":[{\"@type\":\"ReadAction\",\"target\":[\"https:\/\/sia.regione.liguria.it\/index.php\/spirl\/\"]}]},{\"@type\":\"ImageObject\",\"inLanguage\":\"it-IT\",\"@id\":\"https:\/\/sia.regione.liguria.it\/index.php\/spirl\/#primaryimage\",\"url\":\"https:\/\/sia.regione.liguria.it\/wp-content\/uploads\/2018\/04\/incendio.jpg\",\"contentUrl\":\"https:\/\/sia.regione.liguria.it\/wp-content\/uploads\/2018\/04\/incendio.jpg\",\"width\":800,\"height\":533},{\"@type\":\"BreadcrumbList\",\"@id\":\"https:\/\/sia.regione.liguria.it\/index.php\/spirl\/#breadcrumb\",\"itemListElement\":[{\"@type\":\"ListItem\",\"position\":1,\"name\":\"Home\",\"item\":\"https:\/\/sia.regione.liguria.it\/\"},{\"@type\":\"ListItem\",\"position\":2,\"name\":\"SPIRLWEB\"}]},{\"@type\":\"WebSite\",\"@id\":\"https:\/\/sia.regione.liguria.it\/#website\",\"url\":\"https:\/\/sia.regione.liguria.it\/\",\"name\":\"\",\"description\":\"Servizi Imprese Agricole\",\"publisher\":{\"@id\":\"https:\/\/sia.regione.liguria.it\/#organization\"},\"potentialAction\":[{\"@type\":\"SearchAction\",\"target\":{\"@type\":\"EntryPoint\",\"urlTemplate\":\"https:\/\/sia.regione.liguria.it\/?s={search_term_string}\"},\"query-input\":{\"@type\":\"PropertyValueSpecification\",\"valueRequired\":true,\"valueName\":\"search_term_string\"}}],\"inLanguage\":\"it-IT\"},{\"@type\":\"Organization\",\"@id\":\"https:\/\/sia.regione.liguria.it\/#organization\",\"name\":\"REGIONE LIGURIA - SIA - SERVIZI IMPRESE AGRICOLE\",\"url\":\"https:\/\/sia.regione.liguria.it\/\",\"logo\":{\"@type\":\"ImageObject\",\"inLanguage\":\"it-IT\",\"@id\":\"https:\/\/sia.regione.liguria.it\/#\/schema\/logo\/image\/\",\"url\":\"https:\/\/sia.regione.liguria.it\/wp-content\/uploads\/2018\/05\/SIA-LOGO.png\",\"contentUrl\":\"https:\/\/sia.regione.liguria.it\/wp-content\/uploads\/2018\/05\/SIA-LOGO.png\",\"width\":500,\"height\":500,\"caption\":\"REGIONE LIGURIA - SIA - SERVIZI IMPRESE AGRICOLE\"},\"image\":{\"@id\":\"https:\/\/sia.regione.liguria.it\/#\/schema\/logo\/image\/\"},\"sameAs\":[\"https:\/\/facebook.com\/agriligurianet\/\",\"https:\/\/x.com\/caarservizi\",\"https:\/\/www.youtube.com\/playlist?list=PL0Fy3X4UWhVSOnaKC_rP_zAtshxMoGyrD\"]}]}<\/script>\n<!-- \/ Yoast SEO plugin. -->","yoast_head_json":{"title":"SPIRLWEB -","robots":{"index":"index","follow":"follow","max-snippet":"max-snippet:-1","max-image-preview":"max-image-preview:large","max-video-preview":"max-video-preview:-1"},"canonical":"https:\/\/sia.regione.liguria.it\/index.php\/spirl\/","og_locale":"it_IT","og_type":"article","og_title":"SPIRLWEB -","og_description":"Spirlweb \u00e8 la pagina web del servizio di previsione del pericolo d\u2019incendio in Regione Liguria. Essa \u00e8 stato creata per fornire, all\u2019utenza autorizzata, informazioni in tempo reale riguardanti la probabilit\u00e0 di propagazione degli incendi nel [&hellip;]","og_url":"https:\/\/sia.regione.liguria.it\/index.php\/spirl\/","article_publisher":"https:\/\/facebook.com\/agriligurianet\/","article_modified_time":"2023-07-31T09:18:59+00:00","og_image":[{"url":"https:\/\/sia.regione.liguria.it\/wp-content\/uploads\/2018\/04\/incendio.jpg","type":"","width":"","height":""}],"twitter_card":"summary_large_image","twitter_site":"@caarservizi","twitter_misc":{"Tempo di lettura stimato":"3 minuti"},"schema":{"@context":"https:\/\/schema.org","@graph":[{"@type":"WebPage","@id":"https:\/\/sia.regione.liguria.it\/index.php\/spirl\/","url":"https:\/\/sia.regione.liguria.it\/index.php\/spirl\/","name":"SPIRLWEB -","isPartOf":{"@id":"https:\/\/sia.regione.liguria.it\/#website"},"primaryImageOfPage":{"@id":"https:\/\/sia.regione.liguria.it\/index.php\/spirl\/#primaryimage"},"image":{"@id":"https:\/\/sia.regione.liguria.it\/index.php\/spirl\/#primaryimage"},"thumbnailUrl":"https:\/\/sia.regione.liguria.it\/wp-content\/uploads\/2018\/04\/incendio.jpg","datePublished":"2018-04-06T08:17:02+00:00","dateModified":"2023-07-31T09:18:59+00:00","breadcrumb":{"@id":"https:\/\/sia.regione.liguria.it\/index.php\/spirl\/#breadcrumb"},"inLanguage":"it-IT","potentialAction":[{"@type":"ReadAction","target":["https:\/\/sia.regione.liguria.it\/index.php\/spirl\/"]}]},{"@type":"ImageObject","inLanguage":"it-IT","@id":"https:\/\/sia.regione.liguria.it\/index.php\/spirl\/#primaryimage","url":"https:\/\/sia.regione.liguria.it\/wp-content\/uploads\/2018\/04\/incendio.jpg","contentUrl":"https:\/\/sia.regione.liguria.it\/wp-content\/uploads\/2018\/04\/incendio.jpg","width":800,"height":533},{"@type":"BreadcrumbList","@id":"https:\/\/sia.regione.liguria.it\/index.php\/spirl\/#breadcrumb","itemListElement":[{"@type":"ListItem","position":1,"name":"Home","item":"https:\/\/sia.regione.liguria.it\/"},{"@type":"ListItem","position":2,"name":"SPIRLWEB"}]},{"@type":"WebSite","@id":"https:\/\/sia.regione.liguria.it\/#website","url":"https:\/\/sia.regione.liguria.it\/","name":"","description":"Servizi Imprese Agricole","publisher":{"@id":"https:\/\/sia.regione.liguria.it\/#organization"},"potentialAction":[{"@type":"SearchAction","target":{"@type":"EntryPoint","urlTemplate":"https:\/\/sia.regione.liguria.it\/?s={search_term_string}"},"query-input":{"@type":"PropertyValueSpecification","valueRequired":true,"valueName":"search_term_string"}}],"inLanguage":"it-IT"},{"@type":"Organization","@id":"https:\/\/sia.regione.liguria.it\/#organization","name":"REGIONE LIGURIA - SIA - SERVIZI IMPRESE AGRICOLE","url":"https:\/\/sia.regione.liguria.it\/","logo":{"@type":"ImageObject","inLanguage":"it-IT","@id":"https:\/\/sia.regione.liguria.it\/#\/schema\/logo\/image\/","url":"https:\/\/sia.regione.liguria.it\/wp-content\/uploads\/2018\/05\/SIA-LOGO.png","contentUrl":"https:\/\/sia.regione.liguria.it\/wp-content\/uploads\/2018\/05\/SIA-LOGO.png","width":500,"height":500,"caption":"REGIONE LIGURIA - SIA - SERVIZI IMPRESE AGRICOLE"},"image":{"@id":"https:\/\/sia.regione.liguria.it\/#\/schema\/logo\/image\/"},"sameAs":["https:\/\/facebook.com\/agriligurianet\/","https:\/\/x.com\/caarservizi","https:\/\/www.youtube.com\/playlist?list=PL0Fy3X4UWhVSOnaKC_rP_zAtshxMoGyrD"]}]}},"_links":{"self":[{"href":"https:\/\/sia.regione.liguria.it\/index.php\/wp-json\/wp\/v2\/pages\/1260","targetHints":{"allow":["GET"]}}],"collection":[{"href":"https:\/\/sia.regione.liguria.it\/index.php\/wp-json\/wp\/v2\/pages"}],"about":[{"href":"https:\/\/sia.regione.liguria.it\/index.php\/wp-json\/wp\/v2\/types\/page"}],"author":[{"embeddable":true,"href":"https:\/\/sia.regione.liguria.it\/index.php\/wp-json\/wp\/v2\/users\/1"}],"replies":[{"embeddable":true,"href":"https:\/\/sia.regione.liguria.it\/index.php\/wp-json\/wp\/v2\/comments?post=1260"}],"version-history":[{"count":32,"href":"https:\/\/sia.regione.liguria.it\/index.php\/wp-json\/wp\/v2\/pages\/1260\/revisions"}],"predecessor-version":[{"id":3121,"href":"https:\/\/sia.regione.liguria.it\/index.php\/wp-json\/wp\/v2\/pages\/1260\/revisions\/3121"}],"wp:attachment":[{"href":"https:\/\/sia.regione.liguria.it\/index.php\/wp-json\/wp\/v2\/media?parent=1260"}],"curies":[{"name":"wp","href":"https:\/\/api.w.org\/{rel}","templated":true}]}}