{"id":487,"date":"2017-10-18T16:32:59","date_gmt":"2017-10-18T14:32:59","guid":{"rendered":"http:\/\/sia.regione.liguria.it\/?page_id=487"},"modified":"2023-08-02T10:13:48","modified_gmt":"2023-08-02T08:13:48","slug":"prestatori-di-servizio","status":"publish","type":"page","link":"https:\/\/sia.regione.liguria.it\/index.php\/prestatori-di-servizio\/","title":{"rendered":"Prestatori di Servizio"},"content":{"rendered":"<div class=\"itemHeader\">\n<p><img loading=\"lazy\" decoding=\"async\" class=\"alignright wp-image-374\" src=\"http:\/\/sia.regione.liguria.it\/wp-content\/uploads\/2017\/10\/vigneto-Ranzo-IM-FILEminimizer.jpg\" alt=\"\" width=\"520\" height=\"390\" \/>La\u00a0promozione del trasferimento di conoscenze e dell&#8217;innovazione nel settore agricolo e forestale e nelle zone rurali\u00a0costituisce la prima delle 6 priorit\u00e0, che contribuiscono alla realizzazione della Politica europea per lo Sviluppo Rurale 2014 \u2013 2020 per il raggiungimento dei seguenti\u00a0<strong>obiettivi strategici<\/strong>:<\/p>\n<\/div>\n<ul>\n<li><em>\u00a0 \u00a0 stimolare la competitivit\u00e0 del settore agricolo e forestale;\u00a0<\/em><\/li>\n<li><em>\u00a0 \u00a0 garantire la gestione sostenibile delle risorse naturali e l&#8217;azione per il clima;<\/em><\/li>\n<li><em>\u00a0 \u00a0 realizzare uno sviluppo territoriale equilibrato delle economie e comunit\u00e0 rurali, compresi la creazione e il mantenimento di posti di lavoro.<\/em><\/li>\n<\/ul>\n<p>Nell&#8217;ambito della Priorit\u00e0 1 sono individuati i seguenti\u00a0<strong>obiettivi tematici<\/strong>:<\/p>\n<div class=\"itemBody\">\n<div class=\"itemFullText\">\n<ul>\n<li><em>stimolare l&#8217;innovazione, la cooperazione e lo sviluppo della base di conoscenze nelle zone rurali;<\/em><\/li>\n<li><em>rinsaldare i nessi tra agricoltura, produzione alimentare e silvicoltura, da un lato, e ricerca e innovazione, dall&#8217;altro, anche al fine di migliorare la gestione e le prestazioni ambientali;<\/em><\/li>\n<li><em>incoraggiare l&#8217;apprendimento lungo tutto l&#8217;arco della vita e la formazione.<\/em><\/li>\n<\/ul>\n<p>La\u00a0<strong>dgr n.721 del 29 luglio 2016<\/strong>\u00a0ha approvato, su proposta dell\u2019Assessorato regionale Agricoltura, nuove modalit\u00e0 e criteri per il riconoscimento dei Prestatori di servizi, abilitati all&#8217;erogazione dei servizi di formazione, di informazione e di consulenza aziendale per il settore agricolo, forestale e dello sviluppo rurale. Numerose sono le\u00a0<strong>novit\u00e0<\/strong>\u00a0introdotte dal provvedimento tra cui:<\/p>\n<p><em>eliminazione dell\u2019obbligo della sede operativa sul territorio regionale;<\/em><\/p>\n<ul>\n<li><em>istituzione delle sezioni &#8220;formazione e informazione&#8221; e &#8220;consulenza&#8221; nell\u2019elenco regionale dei Prestatori riconosciuti;<\/em><\/li>\n<li><em>semplificazione del modello organizzativo e aggiornamento dei requisiti dello staff tecnico;<\/em><\/li>\n<li><em>regolamentazione delle condizioni di ammissibilit\u00e0;<\/em><\/li>\n<li><em>formazione obbligatoria per il personale tecnico;<\/em><\/li>\n<li><em>iscrizione dei soggetti riconosciuti dalla Regione nel registro nazionale degli organismi di consulenza, istituito dal competente Ministero.<\/em><\/li>\n<\/ul>\n<p>La presentazione delle domande avviene con una procedura informatizzata che permette la compilazione on line tramite \u201cl\u2019<strong>Archivio informatizzato dei Prestatori di servizi<\/strong>\u201d. Ai Prestatori gi\u00e0 riconosciuti vengono concessi 90 giorni di tempo, a partire dal 7 settembre 2016 (data della pubblicazione sul BURL n.36 della Dgr 721\/16) per presentare una istanza di conformit\u00e0 ai nuovi criteri tramite la procedura informatica di compilazione e invio.<br \/>\nLa Regione, tramite il nuovo Programma di sviluppo rurale 2014 \u2013 2020, riserva un ruolo fondamentale allo sviluppo e alla promozione del \u201cSistema delle conoscenze e dell\u2019innovazione\u201d che pu\u00f2 diventare un reale supporto alle imprese liguri, al fine del miglioramento della competitivit\u00e0 e della redditivit\u00e0 aziendale, dell&#8217;uso efficiente e sostenibile delle risorse, delle prestazioni ambientali e per il corretto recepimento delle normative unionali, nazionali e regionali.<\/p>\n<p>Con il riconoscimento regionale, i\u00a0<strong>Prestatori di servizi possono partecipare ai Bandi\/appalti pubblici nell\u2019ambito del Programma regionale di sviluppo rurale 2014 \u2013 2020<\/strong>\u00a0con particolare riferimento alla misura 1 (corsi, progetti dimostrativi e informativi) e alla misura 2 (servizi di consulenza) e ai progetti di cooperazione della misura M16.<\/p>\n<hr \/>\n<p style=\"text-align: center;\"><strong><em class=\"special\">Sistema regionale di riconoscimento dei Prestatori di servizi<\/em><\/strong><br \/>\n<span style=\"color: #008000;\">\u21d2<a style=\"color: #008000;\" href=\"http:\/\/sps-spid.regione.liguria.it\" target=\"_blank\" rel=\"noopener\"><strong>Link all&#8217;applicazione con SPID<\/strong><\/a><\/span><\/p>\n<hr \/>\n<p>Sedi dove poter ritirare le credenziali:<\/p>\n<p><strong>Settore Servizi alle imprese agricole<\/strong><\/p>\n<ul>\n<li>sede di\u00a0<strong>Sanremo<\/strong>\u00a0(Fiorenzo Gimelli &#8211;\u00a0<a href=\"mailto:fiorenzo.gimelli@regione.liguria.it\">fiorenzo.gimelli@regione.liguria.it<\/a>\u00a0&#8211; 3470682666)<\/li>\n<li>sede di\u00a0<strong>Genova<\/strong>\u00a0(Marien Morales &#8211;\u00a0<a href=\"mailto:marien.moralesgarcia@regione.liguria.it\">marien.moralesgarcia@regione.liguria.it<\/a>\u00a0&#8211; 0105484125)<\/li>\n<li>sede di\u00a0<strong>Sarzana<\/strong>\u00a0(Andrea Guardavilla &#8211;\u00a0<a href=\"mailto:andrea.guardavilla@regione.liguria.it\">andrea.guardavilla@regione.liguria.it<\/a>)<\/li>\n<\/ul>\n<p><strong>Settore Ispettorato agrario regionale:<\/strong><\/p>\n<ul>\n<li><strong>Imperia<\/strong>\u00a0&#8211; Ignazia Allegro e Patrizia Ardissone (<a href=\"mailto:ignazia.allegro@regione.liguria.it\">ignazia.allegro@regione.liguria.it<\/a>\u00a0&#8211;\u00a0<a href=\"mailto:patrizia.ardissone@regione.liguria.it\">patrizia.ardissone@regione.liguria.it<\/a>\u00a0\u00a00183297999)<\/li>\n<li><strong>Albenga<\/strong>\u00a0\u2013 Paolo Galizia e Giorgio Nobili (<a href=\"mailto:paolo.galizia@regione.liguria.it\">paolo.galizia@regione.liguria.it<\/a>\u00a0&#8211;\u00a0<a href=\"mailto:giorgio.nobili@regione.liguria.it\">giorgio.nobili@regione.liguria.it<\/a>\u00a0&#8211; 3665714170, 0182568615)<\/li>\n<li><strong>Savona<\/strong>\u00a0\u2013 Giorgio Valle e Claudio Merlini (<a href=\"mailto:giorgio.valle@regione.liguria.it\">giorgio.valle@regione.liguria.it<\/a>\u00a0&#8211;\u00a0<a href=\"mailto:claudio.merlini@regione.liguria.it\">claudio.merlini@regione.liguria.it<\/a>\u00a0 &#8211; 019805823)<\/li>\n<\/ul>\n<\/div>\n<\/div>\n","protected":false},"excerpt":{"rendered":"<p>La\u00a0promozione del trasferimento di conoscenze e dell&#8217;innovazione nel settore agricolo e forestale e nelle zone rurali\u00a0costituisce la prima delle 6 priorit\u00e0, che contribuiscono alla realizzazione della Politica europea per lo Sviluppo Rurale 2014 \u2013 2020 ...<\/p>\n","protected":false},"author":1,"featured_media":0,"parent":0,"menu_order":0,"comment_status":"closed","ping_status":"closed","template":"","meta":{"footnotes":""},"class_list":["post-487","page","type-page","status-publish","hentry"],"yoast_head":"<!-- This site is optimized with the Yoast SEO plugin v24.0 - https:\/\/yoast.com\/wordpress\/plugins\/seo\/ -->\n<title>Prestatori di Servizio - SIA - Servizi Imprese Agricole - Regione Liguria<\/title>\n<meta name=\"description\" content=\"La\u00a0dgr n.721 del 29 luglio 2016\u00a0ha approvato, nuove modalit\u00e0 e criteri per il riconoscimento dei Prestatori di servizi, abilitati all&#039;erogazione dei servizi di formazione, di informazione e di consulenza aziendale per il settore agricolo, forestale e dello sviluppo rurale.\" \/>\n<meta name=\"robots\" content=\"index, follow, max-snippet:-1, max-image-preview:large, max-video-preview:-1\" \/>\n<link rel=\"canonical\" href=\"https:\/\/sia.regione.liguria.it\/index.php\/prestatori-di-servizio\/\" \/>\n<meta property=\"og:locale\" content=\"it_IT\" \/>\n<meta property=\"og:type\" content=\"article\" \/>\n<meta property=\"og:title\" content=\"Prestatori di Servizio - SIA - Servizi Imprese Agricole - Regione Liguria\" \/>\n<meta property=\"og:description\" content=\"La\u00a0dgr n.721 del 29 luglio 2016\u00a0ha approvato, nuove modalit\u00e0 e criteri per il riconoscimento dei Prestatori di servizi, abilitati all&#039;erogazione dei servizi di formazione, di informazione e di consulenza aziendale per il settore agricolo, forestale e dello sviluppo rurale.\" \/>\n<meta property=\"og:url\" content=\"https:\/\/sia.regione.liguria.it\/index.php\/prestatori-di-servizio\/\" \/>\n<meta property=\"article:publisher\" content=\"https:\/\/facebook.com\/agriligurianet\/\" \/>\n<meta property=\"article:modified_time\" content=\"2023-08-02T08:13:48+00:00\" \/>\n<meta property=\"og:image\" content=\"http:\/\/sia.regione.liguria.it\/wp-content\/uploads\/2017\/10\/vigneto-Ranzo-IM-FILEminimizer.jpg\" \/>\n<meta name=\"twitter:card\" content=\"summary_large_image\" \/>\n<meta name=\"twitter:site\" content=\"@caarservizi\" \/>\n<meta name=\"twitter:label1\" content=\"Tempo di lettura stimato\" \/>\n\t<meta name=\"twitter:data1\" content=\"3 minuti\" \/>\n<script type=\"application\/ld+json\" class=\"yoast-schema-graph\">{\"@context\":\"https:\/\/schema.org\",\"@graph\":[{\"@type\":\"WebPage\",\"@id\":\"https:\/\/sia.regione.liguria.it\/index.php\/prestatori-di-servizio\/\",\"url\":\"https:\/\/sia.regione.liguria.it\/index.php\/prestatori-di-servizio\/\",\"name\":\"Prestatori di Servizio - SIA - Servizi Imprese Agricole - Regione Liguria\",\"isPartOf\":{\"@id\":\"https:\/\/sia.regione.liguria.it\/#website\"},\"primaryImageOfPage\":{\"@id\":\"https:\/\/sia.regione.liguria.it\/index.php\/prestatori-di-servizio\/#primaryimage\"},\"image\":{\"@id\":\"https:\/\/sia.regione.liguria.it\/index.php\/prestatori-di-servizio\/#primaryimage\"},\"thumbnailUrl\":\"http:\/\/sia.regione.liguria.it\/wp-content\/uploads\/2017\/10\/vigneto-Ranzo-IM-FILEminimizer.jpg\",\"datePublished\":\"2017-10-18T14:32:59+00:00\",\"dateModified\":\"2023-08-02T08:13:48+00:00\",\"description\":\"La\u00a0dgr n.721 del 29 luglio 2016\u00a0ha approvato, nuove modalit\u00e0 e criteri per il riconoscimento dei Prestatori di servizi, abilitati all'erogazione dei servizi di formazione, di informazione e di consulenza aziendale per il settore agricolo, forestale e dello sviluppo rurale.\",\"breadcrumb\":{\"@id\":\"https:\/\/sia.regione.liguria.it\/index.php\/prestatori-di-servizio\/#breadcrumb\"},\"inLanguage\":\"it-IT\",\"potentialAction\":[{\"@type\":\"ReadAction\",\"target\":[\"https:\/\/sia.regione.liguria.it\/index.php\/prestatori-di-servizio\/\"]}]},{\"@type\":\"ImageObject\",\"inLanguage\":\"it-IT\",\"@id\":\"https:\/\/sia.regione.liguria.it\/index.php\/prestatori-di-servizio\/#primaryimage\",\"url\":\"http:\/\/sia.regione.liguria.it\/wp-content\/uploads\/2017\/10\/vigneto-Ranzo-IM-FILEminimizer.jpg\",\"contentUrl\":\"http:\/\/sia.regione.liguria.it\/wp-content\/uploads\/2017\/10\/vigneto-Ranzo-IM-FILEminimizer.jpg\"},{\"@type\":\"BreadcrumbList\",\"@id\":\"https:\/\/sia.regione.liguria.it\/index.php\/prestatori-di-servizio\/#breadcrumb\",\"itemListElement\":[{\"@type\":\"ListItem\",\"position\":1,\"name\":\"Home\",\"item\":\"https:\/\/sia.regione.liguria.it\/\"},{\"@type\":\"ListItem\",\"position\":2,\"name\":\"Prestatori di Servizio\"}]},{\"@type\":\"WebSite\",\"@id\":\"https:\/\/sia.regione.liguria.it\/#website\",\"url\":\"https:\/\/sia.regione.liguria.it\/\",\"name\":\"\",\"description\":\"Servizi Imprese Agricole\",\"publisher\":{\"@id\":\"https:\/\/sia.regione.liguria.it\/#organization\"},\"potentialAction\":[{\"@type\":\"SearchAction\",\"target\":{\"@type\":\"EntryPoint\",\"urlTemplate\":\"https:\/\/sia.regione.liguria.it\/?s={search_term_string}\"},\"query-input\":{\"@type\":\"PropertyValueSpecification\",\"valueRequired\":true,\"valueName\":\"search_term_string\"}}],\"inLanguage\":\"it-IT\"},{\"@type\":\"Organization\",\"@id\":\"https:\/\/sia.regione.liguria.it\/#organization\",\"name\":\"REGIONE LIGURIA - SIA - SERVIZI IMPRESE AGRICOLE\",\"url\":\"https:\/\/sia.regione.liguria.it\/\",\"logo\":{\"@type\":\"ImageObject\",\"inLanguage\":\"it-IT\",\"@id\":\"https:\/\/sia.regione.liguria.it\/#\/schema\/logo\/image\/\",\"url\":\"https:\/\/sia.regione.liguria.it\/wp-content\/uploads\/2018\/05\/SIA-LOGO.png\",\"contentUrl\":\"https:\/\/sia.regione.liguria.it\/wp-content\/uploads\/2018\/05\/SIA-LOGO.png\",\"width\":500,\"height\":500,\"caption\":\"REGIONE LIGURIA - SIA - SERVIZI IMPRESE AGRICOLE\"},\"image\":{\"@id\":\"https:\/\/sia.regione.liguria.it\/#\/schema\/logo\/image\/\"},\"sameAs\":[\"https:\/\/facebook.com\/agriligurianet\/\",\"https:\/\/x.com\/caarservizi\",\"https:\/\/www.youtube.com\/playlist?list=PL0Fy3X4UWhVSOnaKC_rP_zAtshxMoGyrD\"]}]}<\/script>\n<!-- \/ Yoast SEO plugin. -->","yoast_head_json":{"title":"Prestatori di Servizio - SIA - Servizi Imprese Agricole - Regione Liguria","description":"La\u00a0dgr n.721 del 29 luglio 2016\u00a0ha approvato, nuove modalit\u00e0 e criteri per il riconoscimento dei Prestatori di servizi, abilitati all'erogazione dei servizi di formazione, di informazione e di consulenza aziendale per il settore agricolo, forestale e dello sviluppo rurale.","robots":{"index":"index","follow":"follow","max-snippet":"max-snippet:-1","max-image-preview":"max-image-preview:large","max-video-preview":"max-video-preview:-1"},"canonical":"https:\/\/sia.regione.liguria.it\/index.php\/prestatori-di-servizio\/","og_locale":"it_IT","og_type":"article","og_title":"Prestatori di Servizio - SIA - Servizi Imprese Agricole - Regione Liguria","og_description":"La\u00a0dgr n.721 del 29 luglio 2016\u00a0ha approvato, nuove modalit\u00e0 e criteri per il riconoscimento dei Prestatori di servizi, abilitati all'erogazione dei servizi di formazione, di informazione e di consulenza aziendale per il settore agricolo, forestale e dello sviluppo rurale.","og_url":"https:\/\/sia.regione.liguria.it\/index.php\/prestatori-di-servizio\/","article_publisher":"https:\/\/facebook.com\/agriligurianet\/","article_modified_time":"2023-08-02T08:13:48+00:00","og_image":[{"url":"http:\/\/sia.regione.liguria.it\/wp-content\/uploads\/2017\/10\/vigneto-Ranzo-IM-FILEminimizer.jpg","type":"","width":"","height":""}],"twitter_card":"summary_large_image","twitter_site":"@caarservizi","twitter_misc":{"Tempo di lettura stimato":"3 minuti"},"schema":{"@context":"https:\/\/schema.org","@graph":[{"@type":"WebPage","@id":"https:\/\/sia.regione.liguria.it\/index.php\/prestatori-di-servizio\/","url":"https:\/\/sia.regione.liguria.it\/index.php\/prestatori-di-servizio\/","name":"Prestatori di Servizio - SIA - Servizi Imprese Agricole - Regione Liguria","isPartOf":{"@id":"https:\/\/sia.regione.liguria.it\/#website"},"primaryImageOfPage":{"@id":"https:\/\/sia.regione.liguria.it\/index.php\/prestatori-di-servizio\/#primaryimage"},"image":{"@id":"https:\/\/sia.regione.liguria.it\/index.php\/prestatori-di-servizio\/#primaryimage"},"thumbnailUrl":"http:\/\/sia.regione.liguria.it\/wp-content\/uploads\/2017\/10\/vigneto-Ranzo-IM-FILEminimizer.jpg","datePublished":"2017-10-18T14:32:59+00:00","dateModified":"2023-08-02T08:13:48+00:00","description":"La\u00a0dgr n.721 del 29 luglio 2016\u00a0ha approvato, nuove modalit\u00e0 e criteri per il riconoscimento dei Prestatori di servizi, abilitati all'erogazione dei servizi di formazione, di informazione e di consulenza aziendale per il settore agricolo, forestale e dello sviluppo rurale.","breadcrumb":{"@id":"https:\/\/sia.regione.liguria.it\/index.php\/prestatori-di-servizio\/#breadcrumb"},"inLanguage":"it-IT","potentialAction":[{"@type":"ReadAction","target":["https:\/\/sia.regione.liguria.it\/index.php\/prestatori-di-servizio\/"]}]},{"@type":"ImageObject","inLanguage":"it-IT","@id":"https:\/\/sia.regione.liguria.it\/index.php\/prestatori-di-servizio\/#primaryimage","url":"http:\/\/sia.regione.liguria.it\/wp-content\/uploads\/2017\/10\/vigneto-Ranzo-IM-FILEminimizer.jpg","contentUrl":"http:\/\/sia.regione.liguria.it\/wp-content\/uploads\/2017\/10\/vigneto-Ranzo-IM-FILEminimizer.jpg"},{"@type":"BreadcrumbList","@id":"https:\/\/sia.regione.liguria.it\/index.php\/prestatori-di-servizio\/#breadcrumb","itemListElement":[{"@type":"ListItem","position":1,"name":"Home","item":"https:\/\/sia.regione.liguria.it\/"},{"@type":"ListItem","position":2,"name":"Prestatori di Servizio"}]},{"@type":"WebSite","@id":"https:\/\/sia.regione.liguria.it\/#website","url":"https:\/\/sia.regione.liguria.it\/","name":"","description":"Servizi Imprese Agricole","publisher":{"@id":"https:\/\/sia.regione.liguria.it\/#organization"},"potentialAction":[{"@type":"SearchAction","target":{"@type":"EntryPoint","urlTemplate":"https:\/\/sia.regione.liguria.it\/?s={search_term_string}"},"query-input":{"@type":"PropertyValueSpecification","valueRequired":true,"valueName":"search_term_string"}}],"inLanguage":"it-IT"},{"@type":"Organization","@id":"https:\/\/sia.regione.liguria.it\/#organization","name":"REGIONE LIGURIA - SIA - SERVIZI IMPRESE AGRICOLE","url":"https:\/\/sia.regione.liguria.it\/","logo":{"@type":"ImageObject","inLanguage":"it-IT","@id":"https:\/\/sia.regione.liguria.it\/#\/schema\/logo\/image\/","url":"https:\/\/sia.regione.liguria.it\/wp-content\/uploads\/2018\/05\/SIA-LOGO.png","contentUrl":"https:\/\/sia.regione.liguria.it\/wp-content\/uploads\/2018\/05\/SIA-LOGO.png","width":500,"height":500,"caption":"REGIONE LIGURIA - SIA - SERVIZI IMPRESE AGRICOLE"},"image":{"@id":"https:\/\/sia.regione.liguria.it\/#\/schema\/logo\/image\/"},"sameAs":["https:\/\/facebook.com\/agriligurianet\/","https:\/\/x.com\/caarservizi","https:\/\/www.youtube.com\/playlist?list=PL0Fy3X4UWhVSOnaKC_rP_zAtshxMoGyrD"]}]}},"_links":{"self":[{"href":"https:\/\/sia.regione.liguria.it\/index.php\/wp-json\/wp\/v2\/pages\/487","targetHints":{"allow":["GET"]}}],"collection":[{"href":"https:\/\/sia.regione.liguria.it\/index.php\/wp-json\/wp\/v2\/pages"}],"about":[{"href":"https:\/\/sia.regione.liguria.it\/index.php\/wp-json\/wp\/v2\/types\/page"}],"author":[{"embeddable":true,"href":"https:\/\/sia.regione.liguria.it\/index.php\/wp-json\/wp\/v2\/users\/1"}],"replies":[{"embeddable":true,"href":"https:\/\/sia.regione.liguria.it\/index.php\/wp-json\/wp\/v2\/comments?post=487"}],"version-history":[{"count":4,"href":"https:\/\/sia.regione.liguria.it\/index.php\/wp-json\/wp\/v2\/pages\/487\/revisions"}],"predecessor-version":[{"id":3137,"href":"https:\/\/sia.regione.liguria.it\/index.php\/wp-json\/wp\/v2\/pages\/487\/revisions\/3137"}],"wp:attachment":[{"href":"https:\/\/sia.regione.liguria.it\/index.php\/wp-json\/wp\/v2\/media?parent=487"}],"curies":[{"name":"wp","href":"https:\/\/api.w.org\/{rel}","templated":true}]}}