{"id":502,"date":"2017-10-18T16:41:21","date_gmt":"2017-10-18T14:41:21","guid":{"rendered":"http:\/\/sia.regione.liguria.it\/?page_id=502"},"modified":"2023-07-31T11:19:51","modified_gmt":"2023-07-31T09:19:51","slug":"irrigazione","status":"publish","type":"page","link":"https:\/\/sia.regione.liguria.it\/index.php\/irrigazione\/","title":{"rendered":"Irrigazione"},"content":{"rendered":"<p><img loading=\"lazy\" decoding=\"async\" class=\"wp-image-633 alignleft\" src=\"http:\/\/sia.regione.liguria.it\/wp-content\/uploads\/2017\/10\/irrigazione-1.jpg\" alt=\"\" width=\"520\" height=\"300\" \/>La vite e olivo sono colture tradizionalmente non irrigue e ben sopportano gli stress dovuti alla carenza idrica. Tuttavia per non avere ripercussioni negative sulla produzione negli ultimi anni l\u2019irrigazione in olivicoltura e viticoltura sta diventando una pratica agronomica importante. In particolare si va affermando, anche attraverso il supporto di numerosi studi e prove sperimentali effettuate, il concetto che l\u2019irrigazione pu\u00f2 essere o una pratica di soccorso nelle fasi fenologiche pi\u00f9 sensibili agli stress da carenza idrica, oppure un\u2019irrigazione programmata, sempre durante le\u00a0fasi di maggior sensibilit\u00e0, secondo il concetto di deficit idrico controllato.<\/p>\n<p>Secondo tale strategia si\u00a0 restituisce alla coltura solo una quota del fabbisogno irriguo teorico, senza diminuzioni significative della quantit\u00e0 di prodotto finale n\u00e9 della qualit\u00e0.\u00a0 Per la vite il momento di maggior sensibilit\u00e0 alla carenza idrica \u00e8 quello di chiusura del grappolo che si verifica orientativamente nel mese di luglio, pertanto in tale periodo verranno consigliati \u00a0interventi irrigui se la riserva facilmente utilizzabile per i terreni argillosi, di medio impasto e\u00a0sabbiosi sar\u00e0 esaurita.<\/p>\n<p>Per l\u2019olivo il periodo pi\u00f9 sensibile alla carenza idrica va dalla fioritura alle prime fasi di\u00a0ingrossamento del frutto (da maggio a fine luglio circa). Nel caso di esaurimento della riserva\u00a0facilmente utilizzabile nel periodo compreso tra la pre-fioritura e allegagione (da maggio a giugno),\u00a0verr\u00e0 consigliato un intervento di irrigazione di soccorso. In caso contrario, se la riserva facilmente utilizzabile sar\u00e0 ancora sufficiente, si attender\u00e0 il mese di luglio (momento in cui inizia\u00a0l\u2019ingrossamento del frutto) per verificarne la consistenza e, in caso di esaurimento, verranno consigliati interventi irrigui settimanali. Questi continueranno anche durante il mese di agosto,\u00a0momento in cui verr\u00e0 restituita solo una piccola parte del fabbisogno teorico, fino ai primi segni di invaiatura (mediamente intorno alla met\u00e0 di settembre).<\/p>\n<p>Per entrambi le colture il consiglio irriguo verr\u00e0 stoppato in prossimit\u00e0 della fase di invaiatura. Nelle carte di irrigazione il quantitativo di acqua a pianta da restituire pu\u00f2 essere soggetto a\u00a0variazioni, in considerazione di specifici fattori orografici e meteorologici che possono influire sul \u00a0bilancio idrico e quindi sui fabbisogni irrigui.<\/p>\n<p style=\"text-align: center;\"><span style=\"color: #008000;\"><strong><a style=\"color: #008000;\" href=\"https:\/\/sia.regione.liguria.it\/apps\/sia\/Irrigazione\" target=\"_blank\" rel=\"noopener\">\u21d2Vai al Consiglio Irriguo<\/a><\/strong><\/span><\/p>\n","protected":false},"excerpt":{"rendered":"<p>La vite e olivo sono colture tradizionalmente non irrigue e ben sopportano gli stress dovuti alla carenza idrica. Tuttavia per non avere ripercussioni negative sulla produzione negli ultimi anni l\u2019irrigazione in olivicoltura e viticoltura sta ...<\/p>\n","protected":false},"author":1,"featured_media":0,"parent":0,"menu_order":0,"comment_status":"closed","ping_status":"closed","template":"","meta":{"footnotes":""},"class_list":["post-502","page","type-page","status-publish","hentry"],"yoast_head":"<!-- This site is optimized with the Yoast SEO plugin v24.0 - https:\/\/yoast.com\/wordpress\/plugins\/seo\/ -->\n<title>Irrigazione - SIA - Servizi Imprese Agricole - Agricoltura<\/title>\n<meta name=\"description\" content=\"La vite e olivo sono colture tradizionalmente non irrigue e ben sopportano gli stress dovuti alla carenza idrica. Tuttavia per non avere ripercussioni negative sulla produzione negli ultimi anni l\u2019irrigazione in olivicoltura e viticoltura sta diventando una pratica agronomica importante.\" \/>\n<meta name=\"robots\" content=\"index, follow, max-snippet:-1, max-image-preview:large, max-video-preview:-1\" \/>\n<link rel=\"canonical\" href=\"https:\/\/sia.regione.liguria.it\/index.php\/irrigazione\/\" \/>\n<meta property=\"og:locale\" content=\"it_IT\" \/>\n<meta property=\"og:type\" content=\"article\" \/>\n<meta property=\"og:title\" content=\"Irrigazione - SIA - Servizi Imprese Agricole - Agricoltura\" \/>\n<meta property=\"og:description\" content=\"La vite e olivo sono colture tradizionalmente non irrigue e ben sopportano gli stress dovuti alla carenza idrica. Tuttavia per non avere ripercussioni negative sulla produzione negli ultimi anni l\u2019irrigazione in olivicoltura e viticoltura sta diventando una pratica agronomica importante.\" \/>\n<meta property=\"og:url\" content=\"https:\/\/sia.regione.liguria.it\/index.php\/irrigazione\/\" \/>\n<meta property=\"article:publisher\" content=\"https:\/\/facebook.com\/agriligurianet\/\" \/>\n<meta property=\"article:modified_time\" content=\"2023-07-31T09:19:51+00:00\" \/>\n<meta property=\"og:image\" content=\"http:\/\/sia.regione.liguria.it\/wp-content\/uploads\/2017\/10\/irrigazione-1.jpg\" \/>\n<meta name=\"twitter:card\" content=\"summary_large_image\" \/>\n<meta name=\"twitter:site\" content=\"@caarservizi\" \/>\n<meta name=\"twitter:label1\" content=\"Tempo di lettura stimato\" \/>\n\t<meta name=\"twitter:data1\" content=\"3 minuti\" \/>\n<script type=\"application\/ld+json\" class=\"yoast-schema-graph\">{\"@context\":\"https:\/\/schema.org\",\"@graph\":[{\"@type\":\"WebPage\",\"@id\":\"https:\/\/sia.regione.liguria.it\/index.php\/irrigazione\/\",\"url\":\"https:\/\/sia.regione.liguria.it\/index.php\/irrigazione\/\",\"name\":\"Irrigazione - SIA - Servizi Imprese Agricole - Agricoltura\",\"isPartOf\":{\"@id\":\"https:\/\/sia.regione.liguria.it\/#website\"},\"primaryImageOfPage\":{\"@id\":\"https:\/\/sia.regione.liguria.it\/index.php\/irrigazione\/#primaryimage\"},\"image\":{\"@id\":\"https:\/\/sia.regione.liguria.it\/index.php\/irrigazione\/#primaryimage\"},\"thumbnailUrl\":\"http:\/\/sia.regione.liguria.it\/wp-content\/uploads\/2017\/10\/irrigazione-1.jpg\",\"datePublished\":\"2017-10-18T14:41:21+00:00\",\"dateModified\":\"2023-07-31T09:19:51+00:00\",\"description\":\"La vite e olivo sono colture tradizionalmente non irrigue e ben sopportano gli stress dovuti alla carenza idrica. Tuttavia per non avere ripercussioni negative sulla produzione negli ultimi anni l\u2019irrigazione in olivicoltura e viticoltura sta diventando una pratica agronomica importante.\",\"breadcrumb\":{\"@id\":\"https:\/\/sia.regione.liguria.it\/index.php\/irrigazione\/#breadcrumb\"},\"inLanguage\":\"it-IT\",\"potentialAction\":[{\"@type\":\"ReadAction\",\"target\":[\"https:\/\/sia.regione.liguria.it\/index.php\/irrigazione\/\"]}]},{\"@type\":\"ImageObject\",\"inLanguage\":\"it-IT\",\"@id\":\"https:\/\/sia.regione.liguria.it\/index.php\/irrigazione\/#primaryimage\",\"url\":\"http:\/\/sia.regione.liguria.it\/wp-content\/uploads\/2017\/10\/irrigazione-1.jpg\",\"contentUrl\":\"http:\/\/sia.regione.liguria.it\/wp-content\/uploads\/2017\/10\/irrigazione-1.jpg\"},{\"@type\":\"BreadcrumbList\",\"@id\":\"https:\/\/sia.regione.liguria.it\/index.php\/irrigazione\/#breadcrumb\",\"itemListElement\":[{\"@type\":\"ListItem\",\"position\":1,\"name\":\"Home\",\"item\":\"https:\/\/sia.regione.liguria.it\/\"},{\"@type\":\"ListItem\",\"position\":2,\"name\":\"Irrigazione\"}]},{\"@type\":\"WebSite\",\"@id\":\"https:\/\/sia.regione.liguria.it\/#website\",\"url\":\"https:\/\/sia.regione.liguria.it\/\",\"name\":\"\",\"description\":\"Servizi Imprese Agricole\",\"publisher\":{\"@id\":\"https:\/\/sia.regione.liguria.it\/#organization\"},\"potentialAction\":[{\"@type\":\"SearchAction\",\"target\":{\"@type\":\"EntryPoint\",\"urlTemplate\":\"https:\/\/sia.regione.liguria.it\/?s={search_term_string}\"},\"query-input\":{\"@type\":\"PropertyValueSpecification\",\"valueRequired\":true,\"valueName\":\"search_term_string\"}}],\"inLanguage\":\"it-IT\"},{\"@type\":\"Organization\",\"@id\":\"https:\/\/sia.regione.liguria.it\/#organization\",\"name\":\"REGIONE LIGURIA - SIA - SERVIZI IMPRESE AGRICOLE\",\"url\":\"https:\/\/sia.regione.liguria.it\/\",\"logo\":{\"@type\":\"ImageObject\",\"inLanguage\":\"it-IT\",\"@id\":\"https:\/\/sia.regione.liguria.it\/#\/schema\/logo\/image\/\",\"url\":\"https:\/\/sia.regione.liguria.it\/wp-content\/uploads\/2018\/05\/SIA-LOGO.png\",\"contentUrl\":\"https:\/\/sia.regione.liguria.it\/wp-content\/uploads\/2018\/05\/SIA-LOGO.png\",\"width\":500,\"height\":500,\"caption\":\"REGIONE LIGURIA - SIA - SERVIZI IMPRESE AGRICOLE\"},\"image\":{\"@id\":\"https:\/\/sia.regione.liguria.it\/#\/schema\/logo\/image\/\"},\"sameAs\":[\"https:\/\/facebook.com\/agriligurianet\/\",\"https:\/\/x.com\/caarservizi\",\"https:\/\/www.youtube.com\/playlist?list=PL0Fy3X4UWhVSOnaKC_rP_zAtshxMoGyrD\"]}]}<\/script>\n<!-- \/ Yoast SEO plugin. -->","yoast_head_json":{"title":"Irrigazione - SIA - Servizi Imprese Agricole - Agricoltura","description":"La vite e olivo sono colture tradizionalmente non irrigue e ben sopportano gli stress dovuti alla carenza idrica. Tuttavia per non avere ripercussioni negative sulla produzione negli ultimi anni l\u2019irrigazione in olivicoltura e viticoltura sta diventando una pratica agronomica importante.","robots":{"index":"index","follow":"follow","max-snippet":"max-snippet:-1","max-image-preview":"max-image-preview:large","max-video-preview":"max-video-preview:-1"},"canonical":"https:\/\/sia.regione.liguria.it\/index.php\/irrigazione\/","og_locale":"it_IT","og_type":"article","og_title":"Irrigazione - SIA - Servizi Imprese Agricole - Agricoltura","og_description":"La vite e olivo sono colture tradizionalmente non irrigue e ben sopportano gli stress dovuti alla carenza idrica. Tuttavia per non avere ripercussioni negative sulla produzione negli ultimi anni l\u2019irrigazione in olivicoltura e viticoltura sta diventando una pratica agronomica importante.","og_url":"https:\/\/sia.regione.liguria.it\/index.php\/irrigazione\/","article_publisher":"https:\/\/facebook.com\/agriligurianet\/","article_modified_time":"2023-07-31T09:19:51+00:00","og_image":[{"url":"http:\/\/sia.regione.liguria.it\/wp-content\/uploads\/2017\/10\/irrigazione-1.jpg","type":"","width":"","height":""}],"twitter_card":"summary_large_image","twitter_site":"@caarservizi","twitter_misc":{"Tempo di lettura stimato":"3 minuti"},"schema":{"@context":"https:\/\/schema.org","@graph":[{"@type":"WebPage","@id":"https:\/\/sia.regione.liguria.it\/index.php\/irrigazione\/","url":"https:\/\/sia.regione.liguria.it\/index.php\/irrigazione\/","name":"Irrigazione - SIA - Servizi Imprese Agricole - Agricoltura","isPartOf":{"@id":"https:\/\/sia.regione.liguria.it\/#website"},"primaryImageOfPage":{"@id":"https:\/\/sia.regione.liguria.it\/index.php\/irrigazione\/#primaryimage"},"image":{"@id":"https:\/\/sia.regione.liguria.it\/index.php\/irrigazione\/#primaryimage"},"thumbnailUrl":"http:\/\/sia.regione.liguria.it\/wp-content\/uploads\/2017\/10\/irrigazione-1.jpg","datePublished":"2017-10-18T14:41:21+00:00","dateModified":"2023-07-31T09:19:51+00:00","description":"La vite e olivo sono colture tradizionalmente non irrigue e ben sopportano gli stress dovuti alla carenza idrica. Tuttavia per non avere ripercussioni negative sulla produzione negli ultimi anni l\u2019irrigazione in olivicoltura e viticoltura sta diventando una pratica agronomica importante.","breadcrumb":{"@id":"https:\/\/sia.regione.liguria.it\/index.php\/irrigazione\/#breadcrumb"},"inLanguage":"it-IT","potentialAction":[{"@type":"ReadAction","target":["https:\/\/sia.regione.liguria.it\/index.php\/irrigazione\/"]}]},{"@type":"ImageObject","inLanguage":"it-IT","@id":"https:\/\/sia.regione.liguria.it\/index.php\/irrigazione\/#primaryimage","url":"http:\/\/sia.regione.liguria.it\/wp-content\/uploads\/2017\/10\/irrigazione-1.jpg","contentUrl":"http:\/\/sia.regione.liguria.it\/wp-content\/uploads\/2017\/10\/irrigazione-1.jpg"},{"@type":"BreadcrumbList","@id":"https:\/\/sia.regione.liguria.it\/index.php\/irrigazione\/#breadcrumb","itemListElement":[{"@type":"ListItem","position":1,"name":"Home","item":"https:\/\/sia.regione.liguria.it\/"},{"@type":"ListItem","position":2,"name":"Irrigazione"}]},{"@type":"WebSite","@id":"https:\/\/sia.regione.liguria.it\/#website","url":"https:\/\/sia.regione.liguria.it\/","name":"","description":"Servizi Imprese Agricole","publisher":{"@id":"https:\/\/sia.regione.liguria.it\/#organization"},"potentialAction":[{"@type":"SearchAction","target":{"@type":"EntryPoint","urlTemplate":"https:\/\/sia.regione.liguria.it\/?s={search_term_string}"},"query-input":{"@type":"PropertyValueSpecification","valueRequired":true,"valueName":"search_term_string"}}],"inLanguage":"it-IT"},{"@type":"Organization","@id":"https:\/\/sia.regione.liguria.it\/#organization","name":"REGIONE LIGURIA - SIA - SERVIZI IMPRESE AGRICOLE","url":"https:\/\/sia.regione.liguria.it\/","logo":{"@type":"ImageObject","inLanguage":"it-IT","@id":"https:\/\/sia.regione.liguria.it\/#\/schema\/logo\/image\/","url":"https:\/\/sia.regione.liguria.it\/wp-content\/uploads\/2018\/05\/SIA-LOGO.png","contentUrl":"https:\/\/sia.regione.liguria.it\/wp-content\/uploads\/2018\/05\/SIA-LOGO.png","width":500,"height":500,"caption":"REGIONE LIGURIA - SIA - SERVIZI IMPRESE AGRICOLE"},"image":{"@id":"https:\/\/sia.regione.liguria.it\/#\/schema\/logo\/image\/"},"sameAs":["https:\/\/facebook.com\/agriligurianet\/","https:\/\/x.com\/caarservizi","https:\/\/www.youtube.com\/playlist?list=PL0Fy3X4UWhVSOnaKC_rP_zAtshxMoGyrD"]}]}},"_links":{"self":[{"href":"https:\/\/sia.regione.liguria.it\/index.php\/wp-json\/wp\/v2\/pages\/502","targetHints":{"allow":["GET"]}}],"collection":[{"href":"https:\/\/sia.regione.liguria.it\/index.php\/wp-json\/wp\/v2\/pages"}],"about":[{"href":"https:\/\/sia.regione.liguria.it\/index.php\/wp-json\/wp\/v2\/types\/page"}],"author":[{"embeddable":true,"href":"https:\/\/sia.regione.liguria.it\/index.php\/wp-json\/wp\/v2\/users\/1"}],"replies":[{"embeddable":true,"href":"https:\/\/sia.regione.liguria.it\/index.php\/wp-json\/wp\/v2\/comments?post=502"}],"version-history":[{"count":1,"href":"https:\/\/sia.regione.liguria.it\/index.php\/wp-json\/wp\/v2\/pages\/502\/revisions"}],"predecessor-version":[{"id":3122,"href":"https:\/\/sia.regione.liguria.it\/index.php\/wp-json\/wp\/v2\/pages\/502\/revisions\/3122"}],"wp:attachment":[{"href":"https:\/\/sia.regione.liguria.it\/index.php\/wp-json\/wp\/v2\/media?parent=502"}],"curies":[{"name":"wp","href":"https:\/\/api.w.org\/{rel}","templated":true}]}}