{"id":5704,"date":"2026-04-20T10:54:14","date_gmt":"2026-04-20T08:54:14","guid":{"rendered":"https:\/\/sia.regione.liguria.it\/?page_id=5704"},"modified":"2026-05-04T12:57:45","modified_gmt":"2026-05-04T10:57:45","slug":"prestatori-2","status":"publish","type":"page","link":"https:\/\/sia.regione.liguria.it\/index.php\/prestatori-2\/","title":{"rendered":"Prestatori di servizio"},"content":{"rendered":"\t\t<div data-elementor-type=\"wp-page\" data-elementor-id=\"5704\" class=\"elementor elementor-5704\">\n\t\t\t\t<div class=\"elementor-element elementor-element-ed707c4 e-con-full e-flex e-con e-parent\" data-id=\"ed707c4\" data-element_type=\"container\" data-e-type=\"container\">\n\t\t\t\t<div class=\"elementor-element elementor-element-ec151cd elementor-widget__width-inherit elementor-widget elementor-widget-image\" data-id=\"ec151cd\" data-element_type=\"widget\" data-e-type=\"widget\" data-widget_type=\"image.default\">\n\t\t\t\t\t\t\t\t\t\t\t\t\t\t\t<img fetchpriority=\"high\" decoding=\"async\" width=\"2048\" height=\"1536\" src=\"https:\/\/sia.regione.liguria.it\/wp-content\/uploads\/2026\/04\/foto-boll-olivo-ultimo.jpg\" class=\"attachment-2048x2048 size-2048x2048 wp-image-5595\" alt=\"\" srcset=\"https:\/\/sia.regione.liguria.it\/wp-content\/uploads\/2026\/04\/foto-boll-olivo-ultimo.jpg 2048w, https:\/\/sia.regione.liguria.it\/wp-content\/uploads\/2026\/04\/foto-boll-olivo-ultimo-300x225.jpg 300w, https:\/\/sia.regione.liguria.it\/wp-content\/uploads\/2026\/04\/foto-boll-olivo-ultimo-1024x768.jpg 1024w, https:\/\/sia.regione.liguria.it\/wp-content\/uploads\/2026\/04\/foto-boll-olivo-ultimo-768x576.jpg 768w, https:\/\/sia.regione.liguria.it\/wp-content\/uploads\/2026\/04\/foto-boll-olivo-ultimo-1536x1152.jpg 1536w\" sizes=\"(max-width: 2048px) 100vw, 2048px\" \/>\t\t\t\t\t\t\t\t\t\t\t\t\t\t\t<\/div>\n\t\t\t\t<div class=\"elementor-element elementor-element-1bc1894 elementor-widget elementor-widget-heading\" data-id=\"1bc1894\" data-element_type=\"widget\" data-e-type=\"widget\" data-widget_type=\"heading.default\">\n\t\t\t\t\t<h2 class=\"elementor-heading-title elementor-size-default\">Prestatori di servizi<\/h2>\t\t\t\t<\/div>\n\t\t\t\t<\/div>\n\t\t<div class=\"elementor-element elementor-element-248d2ebb e-flex e-con-boxed e-con e-parent\" data-id=\"248d2ebb\" data-element_type=\"container\" data-e-type=\"container\">\n\t\t\t\t\t<div class=\"e-con-inner\">\n\t\t\t\t<div class=\"elementor-element elementor-element-d647433 elementor-widget__width-inherit elementor-widget elementor-widget-text-editor\" data-id=\"d647433\" data-element_type=\"widget\" data-e-type=\"widget\" data-widget_type=\"text-editor.default\">\n\t\t\t\t\t\t\t\t\t<header class=\"entry-header\">\n<h1>&nbsp;<\/h1>\n<h1 class=\"entry-title\"><img decoding=\"async\" class=\"alignleft wp-image-5709\" src=\"http:\/\/sia.regione.liguria.it\/wp-content\/uploads\/2026\/04\/prestatori-foto.png\" alt=\"\" width=\"800\" height=\"533\" srcset=\"https:\/\/sia.regione.liguria.it\/wp-content\/uploads\/2026\/04\/prestatori-foto.png 1536w, https:\/\/sia.regione.liguria.it\/wp-content\/uploads\/2026\/04\/prestatori-foto-300x200.png 300w, https:\/\/sia.regione.liguria.it\/wp-content\/uploads\/2026\/04\/prestatori-foto-1024x683.png 1024w, https:\/\/sia.regione.liguria.it\/wp-content\/uploads\/2026\/04\/prestatori-foto-768x512.png 768w\" sizes=\"(max-width: 800px) 100vw, 800px\" \/><\/h1>\n<\/header>\n<div class=\"entry-content\">\n<div class=\"itemHeader\">\n<p><span style=\"color: #000000;\">La promozione del trasferimento di conoscenze e dell\u2019innovazione nel settore agricolo e forestale e nelle zone rurali costituisce la prima delle 6 priorit\u00e0, che contribuiscono alla realizzazione della Politica europea per lo Sviluppo Rurale 2014 \u2013 2020 per il raggiungimento dei seguenti&nbsp;<strong>obiettivi strategici<\/strong>:<\/span><\/p>\n<\/div>\n<ul>\n<li><span style=\"color: #000000;\"><em>&nbsp; &nbsp; stimolare la competitivit\u00e0 del settore agricolo e forestale;&nbsp;<\/em><\/span><\/li>\n<li><span style=\"color: #000000;\"><em>&nbsp; &nbsp; garantire la gestione sostenibile delle risorse naturali e l\u2019azione per il clima;<\/em><\/span><\/li>\n<li><span style=\"color: #000000;\"><em>&nbsp; &nbsp; realizzare uno sviluppo territoriale equilibrato delle economie e comunit\u00e0 rurali, compresi la creazione e il mantenimento di posti di lavoro.<\/em><\/span><\/li>\n<\/ul>\n<p><span style=\"color: #000000;\">Nell\u2019ambito della Priorit\u00e0 1 sono individuati i seguenti&nbsp;<strong>obiettivi tematici<\/strong>:<\/span><\/p>\n<div class=\"itemBody\">\n<div class=\"itemFullText\">\n<ul>\n<li><span style=\"color: #000000;\"><em>stimolare l\u2019innovazione, la cooperazione e lo sviluppo della base di conoscenze nelle zone rurali;<\/em><\/span><\/li>\n<li><span style=\"color: #000000;\"><em>rinsaldare i nessi tra agricoltura, produzione alimentare e silvicoltura, da un lato, e ricerca e innovazione, dall\u2019altro, anche al fine di migliorare la gestione e le prestazioni ambientali;<\/em><\/span><\/li>\n<li><span style=\"color: #000000;\"><em>incoraggiare l\u2019apprendimento lungo tutto l\u2019arco della vita e la formazione.<\/em><\/span><\/li>\n<\/ul>\n<p><span style=\"color: #000000;\">La&nbsp;<strong>dgr n.721 del 29 luglio 2016<\/strong>&nbsp;ha approvato, su proposta dell\u2019Assessorato regionale Agricoltura, nuove modalit\u00e0 e criteri per il riconoscimento dei Prestatori di servizi, abilitati all\u2019erogazione dei servizi di formazione, di informazione e di consulenza aziendale per il settore agricolo, forestale e dello sviluppo rurale. Numerose sono le&nbsp;<strong>novit\u00e0<\/strong>&nbsp;introdotte dal provvedimento tra cui:<\/span><\/p>\n<p><span style=\"color: #000000;\"><em>eliminazione dell\u2019obbligo della sede operativa sul territorio regionale;<\/em><\/span><\/p>\n<ul>\n<li><span style=\"color: #000000;\"><em>istituzione delle sezioni \u201cformazione e informazione\u201d e \u201cconsulenza\u201d nell\u2019elenco regionale dei Prestatori riconosciuti;<\/em><\/span><\/li>\n<li><span style=\"color: #000000;\"><em>semplificazione del modello organizzativo e aggiornamento dei requisiti dello staff tecnico;<\/em><\/span><\/li>\n<li><span style=\"color: #000000;\"><em>regolamentazione delle condizioni di ammissibilit\u00e0;<\/em><\/span><\/li>\n<li><span style=\"color: #000000;\"><em>formazione obbligatoria per il personale tecnico;<\/em><\/span><\/li>\n<li><span style=\"color: #000000;\"><em>iscrizione dei soggetti riconosciuti dalla Regione nel registro nazionale degli organismi di consulenza, istituito dal competente Ministero.<\/em><\/span><\/li>\n<\/ul>\n<p><span style=\"color: #000000;\">La presentazione delle domande avviene con una procedura informatizzata che permette la compilazione on line tramite \u201cl\u2019<strong>Archivio informatizzato dei Prestatori di servizi<\/strong>\u201d. Ai Prestatori gi\u00e0 riconosciuti vengono concessi 90 giorni di tempo, a partire dal 7 settembre 2016 (data della pubblicazione sul BURL n.36 della Dgr 721\/16) per presentare una istanza di conformit\u00e0 ai nuovi criteri tramite la procedura informatica di compilazione e invio.<\/span><br><span style=\"color: #000000;\">La Regione, tramite il nuovo Programma di sviluppo rurale 2014 \u2013 2020, riserva un ruolo fondamentale allo sviluppo e alla promozione del \u201cSistema delle conoscenze e dell\u2019innovazione\u201d che pu\u00f2 diventare un reale supporto alle imprese liguri, al fine del miglioramento della competitivit\u00e0 e della redditivit\u00e0 aziendale, dell\u2019uso efficiente e sostenibile delle risorse, delle prestazioni ambientali e per il corretto recepimento delle normative unionali, nazionali e regionali.<\/span><\/p>\n<p><span style=\"color: #000000;\">Con il riconoscimento regionale, i&nbsp;<strong>Prestatori di servizi possono partecipare ai Bandi\/appalti pubblici nell\u2019ambito del Programma regionale di sviluppo rurale 2014 \u2013 2020<\/strong>&nbsp;con particolare riferimento alla misura 1 (corsi, progetti dimostrativi e informativi) e alla misura 2 (servizi di consulenza) e ai progetti di cooperazione della misura M16.<\/span><\/p>\n<hr>\n<p style=\"text-align: center;\"><span style=\"color: #000000;\"><strong><em class=\"special\">Sistema regionale di riconoscimento dei Prestatori di servizi<\/em><\/strong><\/span><\/p>\n<p><a href=\"http:\/\/sps-spid.regione.liguria.it\/\" target=\"_blank\" rel=\"noopener\"><img decoding=\"async\" class=\"size-full wp-image-5654 aligncenter\" src=\"http:\/\/sia.regione.liguria.it\/wp-content\/uploads\/2026\/04\/spid.jpg\" alt=\"\" width=\"226\" height=\"47\"><\/a><\/p>\n<hr>\n<p><span style=\"color: #000000;\">Sedi dove poter ritirare le credenziali:<\/span><\/p>\n<p><span style=\"color: #000000;\"><strong>Settore Servizi alle imprese agricole<\/strong><\/span><\/p>\n<ul>\n<li><span style=\"color: #000000;\">sede di&nbsp;<strong>Genova<\/strong>&nbsp;(Marien Morales \u2013&nbsp;<a style=\"color: #000000;\" href=\"mailto:marien.moralesgarcia@regione.liguria.it\">marien.moralesgarcia@regione.liguria.it<\/a>&nbsp;\u2013 0105484125)<\/span><\/li>\n<li><span style=\"color: #000000;\">sede di&nbsp;<strong>Sarzana<\/strong>&nbsp;(Andrea Guardavilla \u2013&nbsp;<a style=\"color: #000000;\" href=\"mailto:andrea.guardavilla@regione.liguria.it\">andrea.guardavilla@regione.liguria.it<\/a>)<\/span><\/li>\n<\/ul>\n<p><span style=\"color: #000000;\"><strong>Settore Ispettorato agrario regionale:<\/strong><\/span><\/p>\n<ul>\n<li><span style=\"color: #000000;\"><strong>Imperia<\/strong>&nbsp;\u2013 Ignazia Allegro e Patrizia Ardissone (<a style=\"color: #000000;\" href=\"mailto:ignazia.allegro@regione.liguria.it\">ignazia.allegro@regione.liguria.it<\/a>&nbsp;\u2013&nbsp;<a style=\"color: #000000;\" href=\"mailto:patrizia.ardissone@regione.liguria.it\">patrizia.ardissone@regione.liguria.it<\/a>&nbsp;&nbsp;0183297999)<\/span><\/li>\n<li><span style=\"color: #000000;\"><strong>Albenga<\/strong>&nbsp;\u2013 Paolo Galizia e Giorgio Nobili (<a style=\"color: #000000;\" href=\"mailto:paolo.galizia@regione.liguria.it\">paolo.galizia@regione.liguria.it<\/a>&nbsp;\u2013&nbsp;<a style=\"color: #000000;\" href=\"mailto:giorgio.nobili@regione.liguria.it\">giorgio.nobili@regione.liguria.it<\/a>&nbsp;\u2013 3665714170, 0182568615)<\/span><\/li>\n<li><span style=\"color: #000000;\"><strong>Savona<\/strong>&nbsp;\u2013 Giorgio Valle e Claudio Merlini (<a style=\"color: #000000;\" href=\"mailto:giorgio.valle@regione.liguria.it\">giorgio.valle@regione.liguria.it<\/a>&nbsp;\u2013&nbsp;<a style=\"color: #000000;\" href=\"mailto:claudio.merlini@regione.liguria.it\">claudio.merlini@regione.liguria.it<\/a>&nbsp; \u2013 019805823)<\/span><\/li>\n<\/ul>\n<\/div>\n<\/div>\n<\/div>\t\t\t\t\t\t\t\t<\/div>\n\t\t\t\t\t<\/div>\n\t\t\t\t<\/div>\n\t\t\t\t<\/div>\n\t\t","protected":false},"excerpt":{"rendered":"<p>Prestatori di servizi &nbsp; La promozione del trasferimento di conoscenze e dell\u2019innovazione nel settore agricolo e forestale e nelle zone rurali costituisce la prima delle 6 priorit\u00e0, che contribuiscono alla realizzazione della Politica europea per lo Sviluppo Rurale 2014 \u2013 2020 per il raggiungimento dei seguenti&nbsp;obiettivi strategici: &nbsp; &nbsp; stimolare la competitivit\u00e0 del settore agricolo [&hellip;]<\/p>\n","protected":false},"author":1,"featured_media":0,"parent":0,"menu_order":0,"comment_status":"closed","ping_status":"closed","template":"elementor_header_footer","meta":{"footnotes":""},"class_list":["post-5704","page","type-page","status-publish","hentry"],"yoast_head":"<!-- This site is optimized with the Yoast SEO plugin v27.0 - https:\/\/yoast.com\/product\/yoast-seo-wordpress\/ -->\n<title>Prestatori di servizio - Servizi Imprese Agricole<\/title>\n<meta name=\"robots\" content=\"index, follow, max-snippet:-1, max-image-preview:large, max-video-preview:-1\" \/>\n<link rel=\"canonical\" href=\"https:\/\/sia.regione.liguria.it\/index.php\/prestatori-2\/\" \/>\n<meta property=\"og:locale\" content=\"it_IT\" \/>\n<meta property=\"og:type\" content=\"article\" \/>\n<meta property=\"og:title\" content=\"Prestatori di servizio - Servizi Imprese Agricole\" \/>\n<meta property=\"og:description\" content=\"Prestatori di servizi &nbsp; La promozione del trasferimento di conoscenze e dell\u2019innovazione nel settore agricolo e forestale e nelle zone rurali costituisce la prima delle 6 priorit\u00e0, che contribuiscono alla realizzazione della Politica europea per lo Sviluppo Rurale 2014 \u2013 2020 per il raggiungimento dei seguenti&nbsp;obiettivi strategici: &nbsp; &nbsp; stimolare la competitivit\u00e0 del settore agricolo [&hellip;]\" \/>\n<meta property=\"og:url\" content=\"https:\/\/sia.regione.liguria.it\/index.php\/prestatori-2\/\" \/>\n<meta property=\"og:site_name\" content=\"Servizi Imprese Agricole\" \/>\n<meta property=\"article:publisher\" content=\"https:\/\/facebook.com\/agriligurianet\/\" \/>\n<meta property=\"article:modified_time\" content=\"2026-05-04T10:57:45+00:00\" \/>\n<meta property=\"og:image\" content=\"http:\/\/sia.regione.liguria.it\/wp-content\/uploads\/2026\/04\/foto-boll-olivo-ultimo.jpg\" \/>\n<meta name=\"twitter:card\" content=\"summary_large_image\" \/>\n<meta name=\"twitter:site\" content=\"@caarservizi\" \/>\n<meta name=\"twitter:label1\" content=\"Tempo di lettura stimato\" \/>\n\t<meta name=\"twitter:data1\" content=\"4 minuti\" \/>\n<script type=\"application\/ld+json\" class=\"yoast-schema-graph\">{\"@context\":\"https:\/\/schema.org\",\"@graph\":[{\"@type\":\"WebPage\",\"@id\":\"https:\/\/sia.regione.liguria.it\/index.php\/prestatori-2\/\",\"url\":\"https:\/\/sia.regione.liguria.it\/index.php\/prestatori-2\/\",\"name\":\"Prestatori di servizio - Servizi Imprese Agricole\",\"isPartOf\":{\"@id\":\"https:\/\/sia.regione.liguria.it\/#website\"},\"primaryImageOfPage\":{\"@id\":\"https:\/\/sia.regione.liguria.it\/index.php\/prestatori-2\/#primaryimage\"},\"image\":{\"@id\":\"https:\/\/sia.regione.liguria.it\/index.php\/prestatori-2\/#primaryimage\"},\"thumbnailUrl\":\"http:\/\/sia.regione.liguria.it\/wp-content\/uploads\/2026\/04\/foto-boll-olivo-ultimo.jpg\",\"datePublished\":\"2026-04-20T08:54:14+00:00\",\"dateModified\":\"2026-05-04T10:57:45+00:00\",\"breadcrumb\":{\"@id\":\"https:\/\/sia.regione.liguria.it\/index.php\/prestatori-2\/#breadcrumb\"},\"inLanguage\":\"it-IT\",\"potentialAction\":[{\"@type\":\"ReadAction\",\"target\":[\"https:\/\/sia.regione.liguria.it\/index.php\/prestatori-2\/\"]}]},{\"@type\":\"ImageObject\",\"inLanguage\":\"it-IT\",\"@id\":\"https:\/\/sia.regione.liguria.it\/index.php\/prestatori-2\/#primaryimage\",\"url\":\"https:\/\/sia.regione.liguria.it\/wp-content\/uploads\/2026\/04\/foto-boll-olivo-ultimo.jpg\",\"contentUrl\":\"https:\/\/sia.regione.liguria.it\/wp-content\/uploads\/2026\/04\/foto-boll-olivo-ultimo.jpg\",\"width\":2048,\"height\":1536},{\"@type\":\"BreadcrumbList\",\"@id\":\"https:\/\/sia.regione.liguria.it\/index.php\/prestatori-2\/#breadcrumb\",\"itemListElement\":[{\"@type\":\"ListItem\",\"position\":1,\"name\":\"Home\",\"item\":\"https:\/\/sia.regione.liguria.it\/\"},{\"@type\":\"ListItem\",\"position\":2,\"name\":\"Prestatori di servizio\"}]},{\"@type\":\"WebSite\",\"@id\":\"https:\/\/sia.regione.liguria.it\/#website\",\"url\":\"https:\/\/sia.regione.liguria.it\/\",\"name\":\"Servizi Imprese Agricole\",\"description\":\"\",\"publisher\":{\"@id\":\"https:\/\/sia.regione.liguria.it\/#organization\"},\"potentialAction\":[{\"@type\":\"SearchAction\",\"target\":{\"@type\":\"EntryPoint\",\"urlTemplate\":\"https:\/\/sia.regione.liguria.it\/?s={search_term_string}\"},\"query-input\":{\"@type\":\"PropertyValueSpecification\",\"valueRequired\":true,\"valueName\":\"search_term_string\"}}],\"inLanguage\":\"it-IT\"},{\"@type\":\"Organization\",\"@id\":\"https:\/\/sia.regione.liguria.it\/#organization\",\"name\":\"REGIONE LIGURIA - SIA - SERVIZI IMPRESE AGRICOLE\",\"url\":\"https:\/\/sia.regione.liguria.it\/\",\"logo\":{\"@type\":\"ImageObject\",\"inLanguage\":\"it-IT\",\"@id\":\"https:\/\/sia.regione.liguria.it\/#\/schema\/logo\/image\/\",\"url\":\"https:\/\/sia.regione.liguria.it\/wp-content\/uploads\/2018\/05\/SIA-LOGO.png\",\"contentUrl\":\"https:\/\/sia.regione.liguria.it\/wp-content\/uploads\/2018\/05\/SIA-LOGO.png\",\"width\":500,\"height\":500,\"caption\":\"REGIONE LIGURIA - SIA - SERVIZI IMPRESE AGRICOLE\"},\"image\":{\"@id\":\"https:\/\/sia.regione.liguria.it\/#\/schema\/logo\/image\/\"},\"sameAs\":[\"https:\/\/facebook.com\/agriligurianet\/\",\"https:\/\/x.com\/caarservizi\",\"https:\/\/www.youtube.com\/playlist?list=PL0Fy3X4UWhVSOnaKC_rP_zAtshxMoGyrD\"]}]}<\/script>\n<!-- \/ Yoast SEO plugin. -->","yoast_head_json":{"title":"Prestatori di servizio - Servizi Imprese Agricole","robots":{"index":"index","follow":"follow","max-snippet":"max-snippet:-1","max-image-preview":"max-image-preview:large","max-video-preview":"max-video-preview:-1"},"canonical":"https:\/\/sia.regione.liguria.it\/index.php\/prestatori-2\/","og_locale":"it_IT","og_type":"article","og_title":"Prestatori di servizio - Servizi Imprese Agricole","og_description":"Prestatori di servizi &nbsp; La promozione del trasferimento di conoscenze e dell\u2019innovazione nel settore agricolo e forestale e nelle zone rurali costituisce la prima delle 6 priorit\u00e0, che contribuiscono alla realizzazione della Politica europea per lo Sviluppo Rurale 2014 \u2013 2020 per il raggiungimento dei seguenti&nbsp;obiettivi strategici: &nbsp; &nbsp; stimolare la competitivit\u00e0 del settore agricolo [&hellip;]","og_url":"https:\/\/sia.regione.liguria.it\/index.php\/prestatori-2\/","og_site_name":"Servizi Imprese Agricole","article_publisher":"https:\/\/facebook.com\/agriligurianet\/","article_modified_time":"2026-05-04T10:57:45+00:00","og_image":[{"url":"http:\/\/sia.regione.liguria.it\/wp-content\/uploads\/2026\/04\/foto-boll-olivo-ultimo.jpg","type":"","width":"","height":""}],"twitter_card":"summary_large_image","twitter_site":"@caarservizi","twitter_misc":{"Tempo di lettura stimato":"4 minuti"},"schema":{"@context":"https:\/\/schema.org","@graph":[{"@type":"WebPage","@id":"https:\/\/sia.regione.liguria.it\/index.php\/prestatori-2\/","url":"https:\/\/sia.regione.liguria.it\/index.php\/prestatori-2\/","name":"Prestatori di servizio - Servizi Imprese Agricole","isPartOf":{"@id":"https:\/\/sia.regione.liguria.it\/#website"},"primaryImageOfPage":{"@id":"https:\/\/sia.regione.liguria.it\/index.php\/prestatori-2\/#primaryimage"},"image":{"@id":"https:\/\/sia.regione.liguria.it\/index.php\/prestatori-2\/#primaryimage"},"thumbnailUrl":"http:\/\/sia.regione.liguria.it\/wp-content\/uploads\/2026\/04\/foto-boll-olivo-ultimo.jpg","datePublished":"2026-04-20T08:54:14+00:00","dateModified":"2026-05-04T10:57:45+00:00","breadcrumb":{"@id":"https:\/\/sia.regione.liguria.it\/index.php\/prestatori-2\/#breadcrumb"},"inLanguage":"it-IT","potentialAction":[{"@type":"ReadAction","target":["https:\/\/sia.regione.liguria.it\/index.php\/prestatori-2\/"]}]},{"@type":"ImageObject","inLanguage":"it-IT","@id":"https:\/\/sia.regione.liguria.it\/index.php\/prestatori-2\/#primaryimage","url":"https:\/\/sia.regione.liguria.it\/wp-content\/uploads\/2026\/04\/foto-boll-olivo-ultimo.jpg","contentUrl":"https:\/\/sia.regione.liguria.it\/wp-content\/uploads\/2026\/04\/foto-boll-olivo-ultimo.jpg","width":2048,"height":1536},{"@type":"BreadcrumbList","@id":"https:\/\/sia.regione.liguria.it\/index.php\/prestatori-2\/#breadcrumb","itemListElement":[{"@type":"ListItem","position":1,"name":"Home","item":"https:\/\/sia.regione.liguria.it\/"},{"@type":"ListItem","position":2,"name":"Prestatori di servizio"}]},{"@type":"WebSite","@id":"https:\/\/sia.regione.liguria.it\/#website","url":"https:\/\/sia.regione.liguria.it\/","name":"Servizi Imprese Agricole","description":"","publisher":{"@id":"https:\/\/sia.regione.liguria.it\/#organization"},"potentialAction":[{"@type":"SearchAction","target":{"@type":"EntryPoint","urlTemplate":"https:\/\/sia.regione.liguria.it\/?s={search_term_string}"},"query-input":{"@type":"PropertyValueSpecification","valueRequired":true,"valueName":"search_term_string"}}],"inLanguage":"it-IT"},{"@type":"Organization","@id":"https:\/\/sia.regione.liguria.it\/#organization","name":"REGIONE LIGURIA - SIA - SERVIZI IMPRESE AGRICOLE","url":"https:\/\/sia.regione.liguria.it\/","logo":{"@type":"ImageObject","inLanguage":"it-IT","@id":"https:\/\/sia.regione.liguria.it\/#\/schema\/logo\/image\/","url":"https:\/\/sia.regione.liguria.it\/wp-content\/uploads\/2018\/05\/SIA-LOGO.png","contentUrl":"https:\/\/sia.regione.liguria.it\/wp-content\/uploads\/2018\/05\/SIA-LOGO.png","width":500,"height":500,"caption":"REGIONE LIGURIA - SIA - SERVIZI IMPRESE AGRICOLE"},"image":{"@id":"https:\/\/sia.regione.liguria.it\/#\/schema\/logo\/image\/"},"sameAs":["https:\/\/facebook.com\/agriligurianet\/","https:\/\/x.com\/caarservizi","https:\/\/www.youtube.com\/playlist?list=PL0Fy3X4UWhVSOnaKC_rP_zAtshxMoGyrD"]}]}},"rttpg_featured_image_url":null,"rttpg_author":{"display_name":"marylo","author_link":"https:\/\/sia.regione.liguria.it\/index.php\/author\/marylo\/"},"rttpg_comment":0,"rttpg_category":null,"rttpg_excerpt":"Prestatori di servizi &nbsp; La promozione del trasferimento di conoscenze e dell\u2019innovazione nel settore agricolo e forestale e nelle zone rurali costituisce la prima delle 6 priorit\u00e0, che contribuiscono alla realizzazione della Politica europea per lo Sviluppo Rurale 2014 \u2013 2020 per il raggiungimento dei seguenti&nbsp;obiettivi strategici: &nbsp; &nbsp; stimolare la competitivit\u00e0 del settore agricolo&hellip;","_links":{"self":[{"href":"https:\/\/sia.regione.liguria.it\/index.php\/wp-json\/wp\/v2\/pages\/5704","targetHints":{"allow":["GET"]}}],"collection":[{"href":"https:\/\/sia.regione.liguria.it\/index.php\/wp-json\/wp\/v2\/pages"}],"about":[{"href":"https:\/\/sia.regione.liguria.it\/index.php\/wp-json\/wp\/v2\/types\/page"}],"author":[{"embeddable":true,"href":"https:\/\/sia.regione.liguria.it\/index.php\/wp-json\/wp\/v2\/users\/1"}],"replies":[{"embeddable":true,"href":"https:\/\/sia.regione.liguria.it\/index.php\/wp-json\/wp\/v2\/comments?post=5704"}],"version-history":[{"count":13,"href":"https:\/\/sia.regione.liguria.it\/index.php\/wp-json\/wp\/v2\/pages\/5704\/revisions"}],"predecessor-version":[{"id":6320,"href":"https:\/\/sia.regione.liguria.it\/index.php\/wp-json\/wp\/v2\/pages\/5704\/revisions\/6320"}],"wp:attachment":[{"href":"https:\/\/sia.regione.liguria.it\/index.php\/wp-json\/wp\/v2\/media?parent=5704"}],"curies":[{"name":"wp","href":"https:\/\/api.w.org\/{rel}","templated":true}]}}