{"id":794,"date":"2017-10-24T11:41:46","date_gmt":"2017-10-24T09:41:46","guid":{"rendered":"http:\/\/sia.regione.liguria.it\/?page_id=794"},"modified":"2023-08-02T10:23:19","modified_gmt":"2023-08-02T08:23:19","slug":"registro-delle-operazioni-colturali","status":"publish","type":"page","link":"https:\/\/sia.regione.liguria.it\/index.php\/registro-delle-operazioni-colturali\/","title":{"rendered":"Registro delle Operazioni Colturali e di Magazzino"},"content":{"rendered":"<p><img loading=\"lazy\" decoding=\"async\" class=\"wp-image-376 alignright\" src=\"http:\/\/sia.regione.liguria.it\/wp-content\/uploads\/2017\/10\/vite-aprile-2017-con-sfondo-mare-5T_bis-FILEminimizer.jpg\" alt=\"\" width=\"483\" height=\"362\" \/>La modulistica denominata \u201cRegistro delle operazioni colturali e di magazzino\u201d approvata con decreto del dirigente n.1778 del 13 aprile scorso \u00e8 stata informatizzata e oggi \u00e8 disponibile per le aziende il <strong>registro informatizzato delle operazioni colturali e di magazzino<\/strong> che dal 2018 sostituir\u00e0 i moduli cartacei.<\/p>\n<p>L\u2019azienda per entrare nel sistema deve accedere al link sottostante e seguire le indicazioni per poter compilare i diversi campi previsti nei moduli del registro.<\/p>\n<p style=\"text-align: center;\"><strong><span style=\"color: #008000;\">\u21d2Accedi al registro tramite SPID &#8211;&gt;software in aggiornamento<\/span><\/strong><\/p>\n<p><strong>Chi deve tenere il registro?<\/strong><\/p>\n<ol>\n<li>I beneficiari della misura <strong>10.1.A<\/strong> \u201cAdesione ai principi della produzione integrata\u201d del PSR 2014-2020 e chi aderisce al <strong>Sistema Nazionale Qualit\u00e0 Produzione Integrata (SQNPI)<\/strong> che devono compilare tutte le schede del registro.<\/li>\n<li>I beneficiari della misura <strong>10.1.B<\/strong> \u201cInterventi su prati, prati-pascoli e pascoli\u201d del PSR 2014-2020 che devono compilare solo alcune schede del registro.<\/li>\n<li>Coloro che devono sottostare solo alle norme di <strong>Condizionalit\u00e0<\/strong> e non richiedono i premi delle misure agroambientali del PSR 2014-2020, n\u00e9 aderiscono al SQNPI, che devono compilare e conservare le sole schede A e RT-condizionalit\u00e0.<\/li>\n<\/ol>\n<p>La tenuta del registro e la sua corretta conservazione sono a carico del titolare dell\u2019azienda agricola o dell&#8217;utilizzatore dei prodotti fitosanitari. Tutti gli interventi devono essere registrati <strong>entro massimo 30 giorni dalla loro esecuzione.<\/strong><\/p>\n<p>La modulistica informatica gi\u00e0 in uso presso le aziende agricole, <strong>ove preveda l\u2019annotazione di tutte le informazioni previste nel \u201cRegistro delle operazioni colturali e di magazzino\u201d<\/strong>, \u00e8 ammissibile dalla Regione e costituisce a tutti gli effetti il Registro in questione.<\/p>\n<p>Per coloro i quali non potessero utilizzare il registro informatizzato \u00e8 ammissibile l\u2019utilizzo delle \u201cvecchie\u201d schede cartacee sotto riportate che vanno scaricate, stampate e compilate seguendo le modalit\u00e0 di compilazione dettagliate nel documento \u201cIndicazioni per la compilazione del registro\u201d. Tali schede vanno firmate e tenute presso l\u2019azienda.<\/p>\n<ul>\n<li><a href=\"https:\/\/sia.regione.liguria.it\/docs\/operazionicolturali\/Registro_operazioni_magazzino.pdf\" target=\"_blank\" rel=\"noopener\">Schede cartacee<\/a><\/li>\n<li><a href=\"https:\/\/sia.regione.liguria.it\/docs\/operazionicolturali\/allegato_istruzioni_registro.pdf\" target=\"_blank\" rel=\"noopener\">Indicazioni per la compilazione del registro<\/a><\/li>\n<li><a href=\"https:\/\/sia.regione.liguria.it\/docs\/operazionicolturali\/DD_1778.pdf\" target=\"_blank\" rel=\"noopener\">Decreto 1778<\/a><\/li>\n<\/ul>\n<p><strong>Che validit\u00e0 ha il <\/strong><strong>registro delle operazioni colturali e di magazzino?<\/strong><\/p>\n<p><strong>Annuale:<\/strong> per ogni anno di impegno deve esserne compilato uno e deve essere conservato presso<\/p>\n","protected":false},"excerpt":{"rendered":"<p>La modulistica denominata \u201cRegistro delle operazioni colturali e di magazzino\u201d approvata con decreto del dirigente n.1778 del 13 aprile scorso \u00e8 stata informatizzata e oggi \u00e8 disponibile per le aziende il registro informatizzato delle operazioni ...<\/p>\n","protected":false},"author":1,"featured_media":0,"parent":0,"menu_order":0,"comment_status":"closed","ping_status":"closed","template":"","meta":{"footnotes":""},"class_list":["post-794","page","type-page","status-publish","hentry"],"yoast_head":"<!-- This site is optimized with the Yoast SEO plugin v24.0 - https:\/\/yoast.com\/wordpress\/plugins\/seo\/ -->\n<title>Registro delle operazioni colturali di magazzino - SIA - Regione Liguria<\/title>\n<meta name=\"description\" content=\"La modulistica denominata \u201cRegistro delle operazioni colturali e di magazzino\u201d approvata con decreto del dirigente n.1778 del 13 aprile scorso \u00e8 stata informatizzata e oggi \u00e8 disponibile per le aziende il registro informatizzato delle operazioni colturali e di magazzino che dal 2018 sostituir\u00e0 i moduli cartacei.\" \/>\n<meta name=\"robots\" content=\"index, follow, max-snippet:-1, max-image-preview:large, max-video-preview:-1\" \/>\n<link rel=\"canonical\" href=\"https:\/\/sia.regione.liguria.it\/index.php\/registro-delle-operazioni-colturali\/\" \/>\n<meta property=\"og:locale\" content=\"it_IT\" \/>\n<meta property=\"og:type\" content=\"article\" \/>\n<meta property=\"og:title\" content=\"Registro delle operazioni colturali di magazzino - SIA - Regione Liguria\" \/>\n<meta property=\"og:description\" content=\"La modulistica denominata \u201cRegistro delle operazioni colturali e di magazzino\u201d approvata con decreto del dirigente n.1778 del 13 aprile scorso \u00e8 stata informatizzata e oggi \u00e8 disponibile per le aziende il registro informatizzato delle operazioni colturali e di magazzino che dal 2018 sostituir\u00e0 i moduli cartacei.\" \/>\n<meta property=\"og:url\" content=\"https:\/\/sia.regione.liguria.it\/index.php\/registro-delle-operazioni-colturali\/\" \/>\n<meta property=\"article:publisher\" content=\"https:\/\/facebook.com\/agriligurianet\/\" \/>\n<meta property=\"article:modified_time\" content=\"2023-08-02T08:23:19+00:00\" \/>\n<meta property=\"og:image\" content=\"http:\/\/sia.regione.liguria.it\/wp-content\/uploads\/2017\/10\/vite-aprile-2017-con-sfondo-mare-5T_bis-FILEminimizer.jpg\" \/>\n<meta name=\"twitter:card\" content=\"summary_large_image\" \/>\n<meta name=\"twitter:site\" content=\"@caarservizi\" \/>\n<meta name=\"twitter:label1\" content=\"Tempo di lettura stimato\" \/>\n\t<meta name=\"twitter:data1\" content=\"2 minuti\" \/>\n<script type=\"application\/ld+json\" class=\"yoast-schema-graph\">{\"@context\":\"https:\/\/schema.org\",\"@graph\":[{\"@type\":\"WebPage\",\"@id\":\"https:\/\/sia.regione.liguria.it\/index.php\/registro-delle-operazioni-colturali\/\",\"url\":\"https:\/\/sia.regione.liguria.it\/index.php\/registro-delle-operazioni-colturali\/\",\"name\":\"Registro delle operazioni colturali di magazzino - SIA - Regione Liguria\",\"isPartOf\":{\"@id\":\"https:\/\/sia.regione.liguria.it\/#website\"},\"primaryImageOfPage\":{\"@id\":\"https:\/\/sia.regione.liguria.it\/index.php\/registro-delle-operazioni-colturali\/#primaryimage\"},\"image\":{\"@id\":\"https:\/\/sia.regione.liguria.it\/index.php\/registro-delle-operazioni-colturali\/#primaryimage\"},\"thumbnailUrl\":\"http:\/\/sia.regione.liguria.it\/wp-content\/uploads\/2017\/10\/vite-aprile-2017-con-sfondo-mare-5T_bis-FILEminimizer.jpg\",\"datePublished\":\"2017-10-24T09:41:46+00:00\",\"dateModified\":\"2023-08-02T08:23:19+00:00\",\"description\":\"La modulistica denominata \u201cRegistro delle operazioni colturali e di magazzino\u201d approvata con decreto del dirigente n.1778 del 13 aprile scorso \u00e8 stata informatizzata e oggi \u00e8 disponibile per le aziende il registro informatizzato delle operazioni colturali e di magazzino che dal 2018 sostituir\u00e0 i moduli cartacei.\",\"breadcrumb\":{\"@id\":\"https:\/\/sia.regione.liguria.it\/index.php\/registro-delle-operazioni-colturali\/#breadcrumb\"},\"inLanguage\":\"it-IT\",\"potentialAction\":[{\"@type\":\"ReadAction\",\"target\":[\"https:\/\/sia.regione.liguria.it\/index.php\/registro-delle-operazioni-colturali\/\"]}]},{\"@type\":\"ImageObject\",\"inLanguage\":\"it-IT\",\"@id\":\"https:\/\/sia.regione.liguria.it\/index.php\/registro-delle-operazioni-colturali\/#primaryimage\",\"url\":\"http:\/\/sia.regione.liguria.it\/wp-content\/uploads\/2017\/10\/vite-aprile-2017-con-sfondo-mare-5T_bis-FILEminimizer.jpg\",\"contentUrl\":\"http:\/\/sia.regione.liguria.it\/wp-content\/uploads\/2017\/10\/vite-aprile-2017-con-sfondo-mare-5T_bis-FILEminimizer.jpg\"},{\"@type\":\"BreadcrumbList\",\"@id\":\"https:\/\/sia.regione.liguria.it\/index.php\/registro-delle-operazioni-colturali\/#breadcrumb\",\"itemListElement\":[{\"@type\":\"ListItem\",\"position\":1,\"name\":\"Home\",\"item\":\"https:\/\/sia.regione.liguria.it\/\"},{\"@type\":\"ListItem\",\"position\":2,\"name\":\"Registro delle Operazioni Colturali e di Magazzino\"}]},{\"@type\":\"WebSite\",\"@id\":\"https:\/\/sia.regione.liguria.it\/#website\",\"url\":\"https:\/\/sia.regione.liguria.it\/\",\"name\":\"\",\"description\":\"Servizi Imprese Agricole\",\"publisher\":{\"@id\":\"https:\/\/sia.regione.liguria.it\/#organization\"},\"potentialAction\":[{\"@type\":\"SearchAction\",\"target\":{\"@type\":\"EntryPoint\",\"urlTemplate\":\"https:\/\/sia.regione.liguria.it\/?s={search_term_string}\"},\"query-input\":{\"@type\":\"PropertyValueSpecification\",\"valueRequired\":true,\"valueName\":\"search_term_string\"}}],\"inLanguage\":\"it-IT\"},{\"@type\":\"Organization\",\"@id\":\"https:\/\/sia.regione.liguria.it\/#organization\",\"name\":\"REGIONE LIGURIA - SIA - SERVIZI IMPRESE AGRICOLE\",\"url\":\"https:\/\/sia.regione.liguria.it\/\",\"logo\":{\"@type\":\"ImageObject\",\"inLanguage\":\"it-IT\",\"@id\":\"https:\/\/sia.regione.liguria.it\/#\/schema\/logo\/image\/\",\"url\":\"https:\/\/sia.regione.liguria.it\/wp-content\/uploads\/2018\/05\/SIA-LOGO.png\",\"contentUrl\":\"https:\/\/sia.regione.liguria.it\/wp-content\/uploads\/2018\/05\/SIA-LOGO.png\",\"width\":500,\"height\":500,\"caption\":\"REGIONE LIGURIA - SIA - SERVIZI IMPRESE AGRICOLE\"},\"image\":{\"@id\":\"https:\/\/sia.regione.liguria.it\/#\/schema\/logo\/image\/\"},\"sameAs\":[\"https:\/\/facebook.com\/agriligurianet\/\",\"https:\/\/x.com\/caarservizi\",\"https:\/\/www.youtube.com\/playlist?list=PL0Fy3X4UWhVSOnaKC_rP_zAtshxMoGyrD\"]}]}<\/script>\n<!-- \/ Yoast SEO plugin. -->","yoast_head_json":{"title":"Registro delle operazioni colturali di magazzino - SIA - Regione Liguria","description":"La modulistica denominata \u201cRegistro delle operazioni colturali e di magazzino\u201d approvata con decreto del dirigente n.1778 del 13 aprile scorso \u00e8 stata informatizzata e oggi \u00e8 disponibile per le aziende il registro informatizzato delle operazioni colturali e di magazzino che dal 2018 sostituir\u00e0 i moduli cartacei.","robots":{"index":"index","follow":"follow","max-snippet":"max-snippet:-1","max-image-preview":"max-image-preview:large","max-video-preview":"max-video-preview:-1"},"canonical":"https:\/\/sia.regione.liguria.it\/index.php\/registro-delle-operazioni-colturali\/","og_locale":"it_IT","og_type":"article","og_title":"Registro delle operazioni colturali di magazzino - SIA - Regione Liguria","og_description":"La modulistica denominata \u201cRegistro delle operazioni colturali e di magazzino\u201d approvata con decreto del dirigente n.1778 del 13 aprile scorso \u00e8 stata informatizzata e oggi \u00e8 disponibile per le aziende il registro informatizzato delle operazioni colturali e di magazzino che dal 2018 sostituir\u00e0 i moduli cartacei.","og_url":"https:\/\/sia.regione.liguria.it\/index.php\/registro-delle-operazioni-colturali\/","article_publisher":"https:\/\/facebook.com\/agriligurianet\/","article_modified_time":"2023-08-02T08:23:19+00:00","og_image":[{"url":"http:\/\/sia.regione.liguria.it\/wp-content\/uploads\/2017\/10\/vite-aprile-2017-con-sfondo-mare-5T_bis-FILEminimizer.jpg","type":"","width":"","height":""}],"twitter_card":"summary_large_image","twitter_site":"@caarservizi","twitter_misc":{"Tempo di lettura stimato":"2 minuti"},"schema":{"@context":"https:\/\/schema.org","@graph":[{"@type":"WebPage","@id":"https:\/\/sia.regione.liguria.it\/index.php\/registro-delle-operazioni-colturali\/","url":"https:\/\/sia.regione.liguria.it\/index.php\/registro-delle-operazioni-colturali\/","name":"Registro delle operazioni colturali di magazzino - SIA - Regione Liguria","isPartOf":{"@id":"https:\/\/sia.regione.liguria.it\/#website"},"primaryImageOfPage":{"@id":"https:\/\/sia.regione.liguria.it\/index.php\/registro-delle-operazioni-colturali\/#primaryimage"},"image":{"@id":"https:\/\/sia.regione.liguria.it\/index.php\/registro-delle-operazioni-colturali\/#primaryimage"},"thumbnailUrl":"http:\/\/sia.regione.liguria.it\/wp-content\/uploads\/2017\/10\/vite-aprile-2017-con-sfondo-mare-5T_bis-FILEminimizer.jpg","datePublished":"2017-10-24T09:41:46+00:00","dateModified":"2023-08-02T08:23:19+00:00","description":"La modulistica denominata \u201cRegistro delle operazioni colturali e di magazzino\u201d approvata con decreto del dirigente n.1778 del 13 aprile scorso \u00e8 stata informatizzata e oggi \u00e8 disponibile per le aziende il registro informatizzato delle operazioni colturali e di magazzino che dal 2018 sostituir\u00e0 i moduli cartacei.","breadcrumb":{"@id":"https:\/\/sia.regione.liguria.it\/index.php\/registro-delle-operazioni-colturali\/#breadcrumb"},"inLanguage":"it-IT","potentialAction":[{"@type":"ReadAction","target":["https:\/\/sia.regione.liguria.it\/index.php\/registro-delle-operazioni-colturali\/"]}]},{"@type":"ImageObject","inLanguage":"it-IT","@id":"https:\/\/sia.regione.liguria.it\/index.php\/registro-delle-operazioni-colturali\/#primaryimage","url":"http:\/\/sia.regione.liguria.it\/wp-content\/uploads\/2017\/10\/vite-aprile-2017-con-sfondo-mare-5T_bis-FILEminimizer.jpg","contentUrl":"http:\/\/sia.regione.liguria.it\/wp-content\/uploads\/2017\/10\/vite-aprile-2017-con-sfondo-mare-5T_bis-FILEminimizer.jpg"},{"@type":"BreadcrumbList","@id":"https:\/\/sia.regione.liguria.it\/index.php\/registro-delle-operazioni-colturali\/#breadcrumb","itemListElement":[{"@type":"ListItem","position":1,"name":"Home","item":"https:\/\/sia.regione.liguria.it\/"},{"@type":"ListItem","position":2,"name":"Registro delle Operazioni Colturali e di Magazzino"}]},{"@type":"WebSite","@id":"https:\/\/sia.regione.liguria.it\/#website","url":"https:\/\/sia.regione.liguria.it\/","name":"","description":"Servizi Imprese Agricole","publisher":{"@id":"https:\/\/sia.regione.liguria.it\/#organization"},"potentialAction":[{"@type":"SearchAction","target":{"@type":"EntryPoint","urlTemplate":"https:\/\/sia.regione.liguria.it\/?s={search_term_string}"},"query-input":{"@type":"PropertyValueSpecification","valueRequired":true,"valueName":"search_term_string"}}],"inLanguage":"it-IT"},{"@type":"Organization","@id":"https:\/\/sia.regione.liguria.it\/#organization","name":"REGIONE LIGURIA - SIA - SERVIZI IMPRESE AGRICOLE","url":"https:\/\/sia.regione.liguria.it\/","logo":{"@type":"ImageObject","inLanguage":"it-IT","@id":"https:\/\/sia.regione.liguria.it\/#\/schema\/logo\/image\/","url":"https:\/\/sia.regione.liguria.it\/wp-content\/uploads\/2018\/05\/SIA-LOGO.png","contentUrl":"https:\/\/sia.regione.liguria.it\/wp-content\/uploads\/2018\/05\/SIA-LOGO.png","width":500,"height":500,"caption":"REGIONE LIGURIA - SIA - SERVIZI IMPRESE AGRICOLE"},"image":{"@id":"https:\/\/sia.regione.liguria.it\/#\/schema\/logo\/image\/"},"sameAs":["https:\/\/facebook.com\/agriligurianet\/","https:\/\/x.com\/caarservizi","https:\/\/www.youtube.com\/playlist?list=PL0Fy3X4UWhVSOnaKC_rP_zAtshxMoGyrD"]}]}},"_links":{"self":[{"href":"https:\/\/sia.regione.liguria.it\/index.php\/wp-json\/wp\/v2\/pages\/794","targetHints":{"allow":["GET"]}}],"collection":[{"href":"https:\/\/sia.regione.liguria.it\/index.php\/wp-json\/wp\/v2\/pages"}],"about":[{"href":"https:\/\/sia.regione.liguria.it\/index.php\/wp-json\/wp\/v2\/types\/page"}],"author":[{"embeddable":true,"href":"https:\/\/sia.regione.liguria.it\/index.php\/wp-json\/wp\/v2\/users\/1"}],"replies":[{"embeddable":true,"href":"https:\/\/sia.regione.liguria.it\/index.php\/wp-json\/wp\/v2\/comments?post=794"}],"version-history":[{"count":5,"href":"https:\/\/sia.regione.liguria.it\/index.php\/wp-json\/wp\/v2\/pages\/794\/revisions"}],"predecessor-version":[{"id":3141,"href":"https:\/\/sia.regione.liguria.it\/index.php\/wp-json\/wp\/v2\/pages\/794\/revisions\/3141"}],"wp:attachment":[{"href":"https:\/\/sia.regione.liguria.it\/index.php\/wp-json\/wp\/v2\/media?parent=794"}],"curies":[{"name":"wp","href":"https:\/\/api.w.org\/{rel}","templated":true}]}}